{"id":16,"date":"2025-03-05T17:46:41","date_gmt":"2025-03-05T17:46:41","guid":{"rendered":"https:\/\/otmannhotel.red2000.mx\/?page_id=16"},"modified":"2025-08-18T17:54:30","modified_gmt":"2025-08-18T17:54:30","slug":"restaurant","status":"publish","type":"page","link":"https:\/\/otmannhotel.com\/de\/restaurant\/","title":{"rendered":"Restaurant"},"content":{"rendered":"\n[et_pb_section fb_built=&#8220;1&#8243; _builder_version=&#8220;4.27.4&#8243; _module_preset=&#8220;default&#8220; background_enable_color=&#8220;off&#8220; use_background_color_gradient=&#8220;on&#8220; background_color_gradient_stops=&#8220;rgba(0,0,0,0.1) 0%|rgba(0,0,0,0.1) 98%&#8220; background_color_gradient_overlays_image=&#8220;on&#8220; background_image=&#8220;https:\/\/otmannhotel.com\/de\/wp-content\/uploads\/sites\/3\/2025\/06\/otmann-terrase-header.webp&#8220; background_enable_video_mp4=&#8220;off&#8220; height=&#8220;270px&#8220; height_tablet=&#8220;160px&#8220; height_phone=&#8220;160px&#8220; height_last_edited=&#8220;on|phone&#8220; max_height=&#8220;270px&#8220; max_height_tablet=&#8220;160px&#8220; max_height_phone=&#8220;160px&#8220; max_height_last_edited=&#8220;on|phone&#8220; custom_padding=&#8220;0px||0px||false|false&#8220; hover_enabled=&#8220;0&#8243; global_colors_info=&#8220;{}&#8220; title_text=&#8220;otmann-terrase-header&#8220; sticky_enabled=&#8220;0&#8243;][et_pb_row _builder_version=&#8220;4.27.4&#8243; _module_preset=&#8220;default&#8220; module_alignment=&#8220;center&#8220; custom_margin=&#8220;auto||auto||false|false&#8220; custom_padding=&#8220;||||false|false&#8220; custom_css_main_element=&#8220;    display: flex;||    align-items: center;||    justify-content: center;||    height: 100%;&#8220; global_colors_info=&#8220;{}&#8220;][et_pb_column type=&#8220;4_4&#8243; _builder_version=&#8220;4.27.4&#8243; _module_preset=&#8220;default&#8220; global_colors_info=&#8220;{}&#8220;][et_pb_text _builder_version=&#8220;4.27.4&#8243; _module_preset=&#8220;default&#8220; header_font=&#8220;&#8211;et_global_heading_font||||||||&#8220; header_text_align=&#8220;center&#8220; header_text_color=&#8220;#FFFFFF&#8220; header_font_size=&#8220;60px&#8220; header_font_size_tablet=&#8220;50px&#8220; header_font_size_phone=&#8220;40px&#8220; header_font_size_last_edited=&#8220;on|phone&#8220; header_text_shadow_style=&#8220;preset5&#8243; header_text_shadow_horizontal_length=&#8220;0.01em&#8220; header_text_shadow_vertical_length=&#8220;0.03em&#8220; global_colors_info=&#8220;{}&#8220;]<h1>Restaurant &#8222;Otm\u00e1nn Terrasse&#8220;<\/h1>[\/et_pb_text][\/et_pb_column][\/et_pb_row][\/et_pb_section][et_pb_section fb_built=&#8220;1&#8243; _builder_version=&#8220;4.27.4&#8243; _module_preset=&#8220;default&#8220; global_colors_info=&#8220;{}&#8220;][et_pb_row column_structure=&#8220;1_3,2_3&#8243; make_equal=&#8220;on&#8220; module_class=&#8220;row_responsive&#8220; _builder_version=&#8220;4.27.4&#8243; _module_preset=&#8220;default&#8220; width_tablet=&#8220;95%&#8220; width_phone=&#8220;90%&#8220; width_last_edited=&#8220;on|phone&#8220; max_width_tablet=&#8220;95%&#8220; max_width_phone=&#8220;90%&#8220; max_width_last_edited=&#8220;on|tablet&#8220; height=&#8220;100%&#8220; max_height=&#8220;100%&#8220; global_colors_info=&#8220;{}&#8220; custom_css_main_element_last_edited=&#8220;off|desktop&#8220; custom_css_main_element_tablet=&#8220;||&#8220; custom_css_main_element_phone=&#8220;||&#8220;][et_pb_column type=&#8220;1_3&#8243; module_class=&#8220;column_responsive&#8220; _builder_version=&#8220;4.27.4&#8243; _module_preset=&#8220;default&#8220; background_color=&#8220;#F0EFEC&#8220; custom_padding=&#8220;50px||50px||true|false&#8220; custom_css_main_element=&#8220;display: flex;||align-content: center;||align-items: center;||flex-wrap: wrap;||&#8220; global_colors_info=&#8220;{}&#8220;][et_pb_text _builder_version=&#8220;4.27.4&#8243; _module_preset=&#8220;default&#8220; text_font_size=&#8220;15px&#8220; header_font=&#8220;Lato|700|||||||&#8220; header_2_font=&#8220;&#8211;et_global_heading_font|600||on|||||&#8220; header_2_text_color=&#8220;#000000&#8243; header_2_font_size=&#8220;19px&#8220; header_3_font=&#8220;Lato|700||on|||||&#8220; header_3_font_size=&#8220;14px&#8220; text_orientation=&#8220;center&#8220; custom_padding=&#8220;|30px||30px|false|true&#8220; global_colors_info=&#8220;{}&#8220;]<h2 style=\"margin-bottom: 10px;\">Restaurant<\/h2>\n<div style=\"border: 1px solid #6A6A6A; width: 7%; margin: auto;\"><\/div>\n<h3 style=\"margin-top: 10px!important;\">Otm\u00e1nn Terrasse<\/h3>\nGenie\u00dfen Sie t\u00e4glich ein k\u00f6stliches amerikanisches Fr\u00fchst\u00fccksbuffet auf unserer gem\u00fctlichen Terrasse. Au\u00dferdem k\u00f6nnen Sie eine Auswahl an \u00e0-la-carte-Gerichten, Getr\u00e4nken und Cocktails genie\u00dfen, die Ihnen ein gastronomisches Erlebnis bieten, das sich durch Geschmack, Qualit\u00e4t und Service auszeichnet.\n\n<strong>ZEITPLAN<\/strong>\n\n<em>Amerikanisches Fr\u00fchst\u00fccksbuffet\u00a0<\/em>\nMontag bis Sonntag von 8 Uhr bis 10 Uhr\n\n<em>Fr\u00fchst\u00fcck \u2013 Mittagessen \u2013 Abendessen \u00e0 la carte<\/em>\nMontag bis Sonntag von 8 Uhr bis 22 Uhr[\/et_pb_text][\/et_pb_column][et_pb_column type=&#8220;2_3&#8243; module_class=&#8220;column_responsive&#8220; _builder_version=&#8220;4.27.4&#8243; _module_preset=&#8220;default&#8220; global_colors_info=&#8220;{}&#8220;][et_pb_image src=&#8220;https:\/\/otmannhotel.com\/de\/wp-content\/uploads\/sites\/3\/2025\/06\/otmann-terrase1.webp&#8220; title_text=&#8220;otmann-terrase1&#8243; _builder_version=&#8220;4.27.4&#8243; _module_preset=&#8220;default&#8220; height=&#8220;100%&#8220; height_tablet=&#8220;420px&#8220; height_phone=&#8220;420px&#8220; height_last_edited=&#8220;on|desktop&#8220; max_height=&#8220;100%&#8220; max_height_tablet=&#8220;420px&#8220; max_height_phone=&#8220;420px&#8220; max_height_last_edited=&#8220;on|phone&#8220; custom_padding=&#8220;||0px|||&#8220; hover_enabled=&#8220;0&#8243; global_colors_info=&#8220;{}&#8220; sticky_enabled=&#8220;0&#8243;][\/et_pb_image][\/et_pb_column][\/et_pb_row][et_pb_row _builder_version=&#8220;4.27.4&#8243; _module_preset=&#8220;default&#8220; global_colors_info=&#8220;{}&#8220;][et_pb_column type=&#8220;4_4&#8243; _builder_version=&#8220;4.27.4&#8243; _module_preset=&#8220;default&#8220; global_colors_info=&#8220;{}&#8220;][dsm_image_carousel gallery_ids=&#8220;460,461,463,614,611,612,613,615&#8243; arrow_position=&#8220;inside&#8220; arrow_color=&#8220;#FFFFFF&#8220; slide_to_show_tablet=&#8220;2&#8243; slide_to_show_phone=&#8220;2&#8243; slide_to_show_last_edited=&#8220;on|phone&#8220; _builder_version=&#8220;4.27.4&#8243; _module_preset=&#8220;default&#8220; hover_enabled=&#8220;0&#8243; global_colors_info=&#8220;{}&#8220; sticky_enabled=&#8220;0&#8243;][\/dsm_image_carousel][\/et_pb_column][\/et_pb_row][\/et_pb_section]\n","protected":false},"excerpt":{"rendered":"<p>Restaurant &#8222;Otm\u00e1nn Terrasse&#8220;Restaurant Otm\u00e1nn Terrasse Genie\u00dfen Sie t\u00e4glich ein k\u00f6stliches amerikanisches Fr\u00fchst\u00fccksbuffet auf unserer gem\u00fctlichen Terrasse. Au\u00dferdem k\u00f6nnen Sie eine Auswahl an \u00e0-la-carte-Gerichten, Getr\u00e4nken und Cocktails genie\u00dfen, die Ihnen ein gastronomisches Erlebnis bieten, das sich durch Geschmack, Qualit\u00e4t und Service auszeichnet. ZEITPLAN Amerikanisches Fr\u00fchst\u00fccksbuffet\u00a0 Montag bis Sonntag von 8 Uhr bis 10 Uhr Fr\u00fchst\u00fcck \u2013 [&hellip;]<\/p>\n","protected":false},"author":1,"featured_media":463,"parent":0,"menu_order":0,"comment_status":"closed","ping_status":"closed","template":"","meta":{"_et_pb_use_builder":"on","_et_pb_old_content":"<!-- wp:divi\/placeholder \/-->","_et_gb_content_width":"","footnotes":""},"class_list":["post-16","page","type-page","status-publish","has-post-thumbnail","hentry"],"yoast_head":"<!-- This site is optimized with the Yoast SEO plugin v25.6 - https:\/\/yoast.com\/wordpress\/plugins\/seo\/ -->\n<title>Restaurant | Otm\u00e1nn Deutsches Boutique-Hotel<\/title>\n<meta name=\"description\" content=\"Genie\u00dfen Sie das kulinarische Erlebnis unseres restaurant: k\u00f6stliche Gerichte und eine gem\u00fctliche Atmosph\u00e4re f\u00fcr Ihren Aufenthalt.\" \/>\n<meta name=\"robots\" content=\"index, follow, max-snippet:-1, max-image-preview:large, max-video-preview:-1\" \/>\n<link rel=\"canonical\" href=\"https:\/\/otmannhotel.com\/de\/restaurant\/\" \/>\n<meta property=\"og:locale\" content=\"de_DE\" \/>\n<meta property=\"og:type\" content=\"article\" \/>\n<meta property=\"og:title\" content=\"Restaurant | Otm\u00e1nn Deutsches Boutique-Hotel\" \/>\n<meta property=\"og:description\" content=\"Genie\u00dfen Sie das kulinarische Erlebnis unseres restaurant: k\u00f6stliche Gerichte und eine gem\u00fctliche Atmosph\u00e4re f\u00fcr Ihren Aufenthalt.\" \/>\n<meta property=\"og:url\" content=\"https:\/\/otmannhotel.com\/de\/restaurant\/\" \/>\n<meta property=\"og:site_name\" content=\"Otm\u00e1nn Deutsches Boutique-Hotel\" \/>\n<meta property=\"article:publisher\" content=\"https:\/\/www.facebook.com\/profile.php?id=61573803779115\" \/>\n<meta property=\"article:modified_time\" content=\"2025-08-18T17:54:30+00:00\" \/>\n<meta property=\"og:image\" content=\"https:\/\/otmannhotel.com\/de\/wp-content\/uploads\/sites\/3\/2025\/06\/otmann-terrase3.webp\" \/>\n\t<meta property=\"og:image:width\" content=\"1200\" \/>\n\t<meta property=\"og:image:height\" content=\"1200\" \/>\n\t<meta property=\"og:image:type\" content=\"image\/webp\" \/>\n<meta name=\"twitter:card\" content=\"summary_large_image\" \/>\n<meta name=\"twitter:label1\" content=\"Est. reading time\" \/>\n\t<meta name=\"twitter:data1\" content=\"2\u00a0Minuten\" \/>\n<script type=\"application\/ld+json\" class=\"yoast-schema-graph\">{\"@context\":\"https:\/\/schema.org\",\"@graph\":[{\"@type\":\"WebPage\",\"@id\":\"https:\/\/otmannhotel.com\/de\/restaurant\/\",\"url\":\"https:\/\/otmannhotel.com\/de\/restaurant\/\",\"name\":\"Restaurant | Otm\u00e1nn Deutsches Boutique-Hotel\",\"isPartOf\":{\"@id\":\"https:\/\/otmannhotel.com\/de\/#website\"},\"primaryImageOfPage\":{\"@id\":\"https:\/\/otmannhotel.com\/de\/restaurant\/#primaryimage\"},\"image\":{\"@id\":\"https:\/\/otmannhotel.com\/de\/restaurant\/#primaryimage\"},\"thumbnailUrl\":\"https:\/\/otmannhotel.com\/de\/wp-content\/uploads\/sites\/3\/2025\/06\/otmann-terrase3.webp\",\"datePublished\":\"2025-03-05T17:46:41+00:00\",\"dateModified\":\"2025-08-18T17:54:30+00:00\",\"description\":\"Genie\u00dfen Sie das kulinarische Erlebnis unseres restaurant: k\u00f6stliche Gerichte und eine gem\u00fctliche Atmosph\u00e4re f\u00fcr Ihren Aufenthalt.\",\"breadcrumb\":{\"@id\":\"https:\/\/otmannhotel.com\/de\/restaurant\/#breadcrumb\"},\"inLanguage\":\"de\",\"potentialAction\":[{\"@type\":\"ReadAction\",\"target\":[\"https:\/\/otmannhotel.com\/de\/restaurant\/\"]}]},{\"@type\":\"ImageObject\",\"inLanguage\":\"de\",\"@id\":\"https:\/\/otmannhotel.com\/de\/restaurant\/#primaryimage\",\"url\":\"https:\/\/otmannhotel.com\/de\/wp-content\/uploads\/sites\/3\/2025\/06\/otmann-terrase3.webp\",\"contentUrl\":\"https:\/\/otmannhotel.com\/de\/wp-content\/uploads\/sites\/3\/2025\/06\/otmann-terrase3.webp\",\"width\":1200,\"height\":1200},{\"@type\":\"BreadcrumbList\",\"@id\":\"https:\/\/otmannhotel.com\/de\/restaurant\/#breadcrumb\",\"itemListElement\":[{\"@type\":\"ListItem\",\"position\":1,\"name\":\"Home\",\"item\":\"https:\/\/otmannhotel.com\/de\/\"},{\"@type\":\"ListItem\",\"position\":2,\"name\":\"Restaurant\"}]},{\"@type\":\"WebSite\",\"@id\":\"https:\/\/otmannhotel.com\/de\/#website\",\"url\":\"https:\/\/otmannhotel.com\/de\/\",\"name\":\"Otm\u00e1nn Deutsches Boutique-Hotel\",\"description\":\"OTM\u00c1NN Hotel Boutique mit 34 Zimmern befindet sich in einem Geb\u00e4ude im franz\u00f6sischen Stil aus der Porfiriato-Zeit (1876\u20131911) im charmanten Viertel Colonia Americana.\",\"publisher\":{\"@id\":\"https:\/\/otmannhotel.com\/de\/#organization\"},\"potentialAction\":[{\"@type\":\"SearchAction\",\"target\":{\"@type\":\"EntryPoint\",\"urlTemplate\":\"https:\/\/otmannhotel.com\/de\/?s={search_term_string}\"},\"query-input\":{\"@type\":\"PropertyValueSpecification\",\"valueRequired\":true,\"valueName\":\"search_term_string\"}}],\"inLanguage\":\"de\"},{\"@type\":\"Organization\",\"@id\":\"https:\/\/otmannhotel.com\/de\/#organization\",\"name\":\"Otm\u00e1nn Hotel\",\"url\":\"https:\/\/otmannhotel.com\/de\/\",\"logo\":{\"@type\":\"ImageObject\",\"inLanguage\":\"de\",\"@id\":\"https:\/\/otmannhotel.com\/de\/#\/schema\/logo\/image\/\",\"url\":\"https:\/\/otmannhotel.com\/de\/wp-content\/uploads\/sites\/3\/2025\/03\/logo-otmann-blanco.png\",\"contentUrl\":\"https:\/\/otmannhotel.com\/de\/wp-content\/uploads\/sites\/3\/2025\/03\/logo-otmann-blanco.png\",\"width\":121,\"height\":106,\"caption\":\"Otm\u00e1nn Hotel\"},\"image\":{\"@id\":\"https:\/\/otmannhotel.com\/de\/#\/schema\/logo\/image\/\"},\"sameAs\":[\"https:\/\/www.facebook.com\/profile.php?id=61573803779115\"]}]}<\/script>\n<!-- \/ Yoast SEO plugin. -->","yoast_head_json":{"title":"Restaurant | Otm\u00e1nn Deutsches Boutique-Hotel","description":"Genie\u00dfen Sie das kulinarische Erlebnis unseres restaurant: k\u00f6stliche Gerichte und eine gem\u00fctliche Atmosph\u00e4re f\u00fcr Ihren Aufenthalt.","robots":{"index":"index","follow":"follow","max-snippet":"max-snippet:-1","max-image-preview":"max-image-preview:large","max-video-preview":"max-video-preview:-1"},"canonical":"https:\/\/otmannhotel.com\/de\/restaurant\/","og_locale":"de_DE","og_type":"article","og_title":"Restaurant | Otm\u00e1nn Deutsches Boutique-Hotel","og_description":"Genie\u00dfen Sie das kulinarische Erlebnis unseres restaurant: k\u00f6stliche Gerichte und eine gem\u00fctliche Atmosph\u00e4re f\u00fcr Ihren Aufenthalt.","og_url":"https:\/\/otmannhotel.com\/de\/restaurant\/","og_site_name":"Otm\u00e1nn Deutsches Boutique-Hotel","article_publisher":"https:\/\/www.facebook.com\/profile.php?id=61573803779115","article_modified_time":"2025-08-18T17:54:30+00:00","og_image":[{"width":1200,"height":1200,"url":"https:\/\/otmannhotel.com\/de\/wp-content\/uploads\/sites\/3\/2025\/06\/otmann-terrase3.webp","type":"image\/webp"}],"twitter_card":"summary_large_image","twitter_misc":{"Est. reading time":"2\u00a0Minuten"},"schema":{"@context":"https:\/\/schema.org","@graph":[{"@type":"WebPage","@id":"https:\/\/otmannhotel.com\/de\/restaurant\/","url":"https:\/\/otmannhotel.com\/de\/restaurant\/","name":"Restaurant | Otm\u00e1nn Deutsches Boutique-Hotel","isPartOf":{"@id":"https:\/\/otmannhotel.com\/de\/#website"},"primaryImageOfPage":{"@id":"https:\/\/otmannhotel.com\/de\/restaurant\/#primaryimage"},"image":{"@id":"https:\/\/otmannhotel.com\/de\/restaurant\/#primaryimage"},"thumbnailUrl":"https:\/\/otmannhotel.com\/de\/wp-content\/uploads\/sites\/3\/2025\/06\/otmann-terrase3.webp","datePublished":"2025-03-05T17:46:41+00:00","dateModified":"2025-08-18T17:54:30+00:00","description":"Genie\u00dfen Sie das kulinarische Erlebnis unseres restaurant: k\u00f6stliche Gerichte und eine gem\u00fctliche Atmosph\u00e4re f\u00fcr Ihren Aufenthalt.","breadcrumb":{"@id":"https:\/\/otmannhotel.com\/de\/restaurant\/#breadcrumb"},"inLanguage":"de","potentialAction":[{"@type":"ReadAction","target":["https:\/\/otmannhotel.com\/de\/restaurant\/"]}]},{"@type":"ImageObject","inLanguage":"de","@id":"https:\/\/otmannhotel.com\/de\/restaurant\/#primaryimage","url":"https:\/\/otmannhotel.com\/de\/wp-content\/uploads\/sites\/3\/2025\/06\/otmann-terrase3.webp","contentUrl":"https:\/\/otmannhotel.com\/de\/wp-content\/uploads\/sites\/3\/2025\/06\/otmann-terrase3.webp","width":1200,"height":1200},{"@type":"BreadcrumbList","@id":"https:\/\/otmannhotel.com\/de\/restaurant\/#breadcrumb","itemListElement":[{"@type":"ListItem","position":1,"name":"Home","item":"https:\/\/otmannhotel.com\/de\/"},{"@type":"ListItem","position":2,"name":"Restaurant"}]},{"@type":"WebSite","@id":"https:\/\/otmannhotel.com\/de\/#website","url":"https:\/\/otmannhotel.com\/de\/","name":"Otm\u00e1nn Deutsches Boutique-Hotel","description":"OTM\u00c1NN Hotel Boutique mit 34 Zimmern befindet sich in einem Geb\u00e4ude im franz\u00f6sischen Stil aus der Porfiriato-Zeit (1876\u20131911) im charmanten Viertel Colonia Americana.","publisher":{"@id":"https:\/\/otmannhotel.com\/de\/#organization"},"potentialAction":[{"@type":"SearchAction","target":{"@type":"EntryPoint","urlTemplate":"https:\/\/otmannhotel.com\/de\/?s={search_term_string}"},"query-input":{"@type":"PropertyValueSpecification","valueRequired":true,"valueName":"search_term_string"}}],"inLanguage":"de"},{"@type":"Organization","@id":"https:\/\/otmannhotel.com\/de\/#organization","name":"Otm\u00e1nn Hotel","url":"https:\/\/otmannhotel.com\/de\/","logo":{"@type":"ImageObject","inLanguage":"de","@id":"https:\/\/otmannhotel.com\/de\/#\/schema\/logo\/image\/","url":"https:\/\/otmannhotel.com\/de\/wp-content\/uploads\/sites\/3\/2025\/03\/logo-otmann-blanco.png","contentUrl":"https:\/\/otmannhotel.com\/de\/wp-content\/uploads\/sites\/3\/2025\/03\/logo-otmann-blanco.png","width":121,"height":106,"caption":"Otm\u00e1nn Hotel"},"image":{"@id":"https:\/\/otmannhotel.com\/de\/#\/schema\/logo\/image\/"},"sameAs":["https:\/\/www.facebook.com\/profile.php?id=61573803779115"]}]}},"_links":{"self":[{"href":"https:\/\/otmannhotel.com\/de\/wp-json\/wp\/v2\/pages\/16","targetHints":{"allow":["GET"]}}],"collection":[{"href":"https:\/\/otmannhotel.com\/de\/wp-json\/wp\/v2\/pages"}],"about":[{"href":"https:\/\/otmannhotel.com\/de\/wp-json\/wp\/v2\/types\/page"}],"author":[{"embeddable":true,"href":"https:\/\/otmannhotel.com\/de\/wp-json\/wp\/v2\/users\/1"}],"replies":[{"embeddable":true,"href":"https:\/\/otmannhotel.com\/de\/wp-json\/wp\/v2\/comments?post=16"}],"version-history":[{"count":32,"href":"https:\/\/otmannhotel.com\/de\/wp-json\/wp\/v2\/pages\/16\/revisions"}],"predecessor-version":[{"id":663,"href":"https:\/\/otmannhotel.com\/de\/wp-json\/wp\/v2\/pages\/16\/revisions\/663"}],"wp:featuredmedia":[{"embeddable":true,"href":"https:\/\/otmannhotel.com\/de\/wp-json\/wp\/v2\/media\/463"}],"wp:attachment":[{"href":"https:\/\/otmannhotel.com\/de\/wp-json\/wp\/v2\/media?parent=16"}],"curies":[{"name":"wp","href":"https:\/\/api.w.org\/{rel}","templated":true}]}}