{"id":235,"date":"2025-03-14T19:51:50","date_gmt":"2025-03-14T19:51:50","guid":{"rendered":"https:\/\/otmannhotel.red2000.mx\/?page_id=235"},"modified":"2025-09-22T16:39:41","modified_gmt":"2025-09-22T16:39:41","slug":"doppelzimmer-komfort","status":"publish","type":"page","link":"https:\/\/otmannhotel.com\/de\/doppelzimmer-komfort\/","title":{"rendered":"Delux Doppelzimmer"},"content":{"rendered":"\n[et_pb_section fb_built=&#8220;1&#8243; _builder_version=&#8220;4.27.4&#8243; _module_preset=&#8220;default&#8220; background_enable_color=&#8220;off&#8220; use_background_color_gradient=&#8220;on&#8220; background_color_gradient_stops=&#8220;rgba(0,0,0,0.1) 0%|rgba(0,0,0,0.1) 98%&#8220; background_color_gradient_overlays_image=&#8220;on&#8220; background_image=&#8220;https:\/\/otmannhotel.com\/de\/wp-content\/uploads\/sites\/3\/2025\/07\/header-confortdoble.webp&#8220; background_enable_video_mp4=&#8220;off&#8220; height=&#8220;270px&#8220; height_tablet=&#8220;160px&#8220; height_phone=&#8220;160px&#8220; height_last_edited=&#8220;on|phone&#8220; max_height=&#8220;270px&#8220; max_height_tablet=&#8220;160px&#8220; max_height_phone=&#8220;160px&#8220; max_height_last_edited=&#8220;on|tablet&#8220; custom_padding=&#8220;100px||100px||true|false&#8220; global_colors_info=&#8220;{}&#8220;][et_pb_row _builder_version=&#8220;4.27.4&#8243; _module_preset=&#8220;default&#8220; module_alignment=&#8220;center&#8220; custom_margin=&#8220;auto||auto||false|false&#8220; custom_padding=&#8220;||||false|false&#8220; custom_css_main_element=&#8220;    display: flex;||    align-items: center;||    justify-content: center;||    height: 100%;&#8220; global_colors_info=&#8220;{}&#8220;][et_pb_column type=&#8220;4_4&#8243; _builder_version=&#8220;4.27.4&#8243; _module_preset=&#8220;default&#8220; global_colors_info=&#8220;{}&#8220;][et_pb_text _builder_version=&#8220;4.27.4&#8243; _module_preset=&#8220;default&#8220; header_font=&#8220;&#8211;et_global_heading_font||||||||&#8220; header_text_align=&#8220;center&#8220; header_text_color=&#8220;#FFFFFF&#8220; header_font_size=&#8220;60px&#8220; hover_enabled=&#8220;0&#8243; header_font_size_tablet=&#8220;50px&#8220; header_font_size_phone=&#8220;40px&#8220; header_font_size_last_edited=&#8220;on|phone&#8220; global_colors_info=&#8220;{}&#8220; sticky_enabled=&#8220;0&#8243;]<h1>Delux Doppelzimmer<\/h1>[\/et_pb_text][\/et_pb_column][\/et_pb_row][\/et_pb_section][et_pb_section fb_built=&#8220;1&#8243; _builder_version=&#8220;4.27.4&#8243; _module_preset=&#8220;default&#8220; background_color=&#8220;#F0EFEC&#8220; custom_margin=&#8220;||0px||false|false&#8220; custom_padding=&#8220;||0px||false|false&#8220; global_colors_info=&#8220;{}&#8220;][et_pb_row _builder_version=&#8220;4.27.4&#8243; _module_preset=&#8220;default&#8220; background_color=&#8220;#FFFFFF&#8220; width_tablet=&#8220;100%&#8220; width_phone=&#8220;100%&#8220; width_last_edited=&#8220;on|tablet&#8220; max_width=&#8220;70%&#8220; max_width_tablet=&#8220;90%&#8220; max_width_phone=&#8220;100%&#8220; max_width_last_edited=&#8220;on|phone&#8220; custom_padding=&#8220;50px|50px||50px|false|true&#8220; global_colors_info=&#8220;{}&#8220;][et_pb_column type=&#8220;4_4&#8243; _builder_version=&#8220;4.27.4&#8243; _module_preset=&#8220;default&#8220; global_colors_info=&#8220;{}&#8220;][et_pb_slider _builder_version=&#8220;4.27.4&#8243; _module_preset=&#8220;default&#8220; min_height=&#8220;600px&#8220; min_height_tablet=&#8220;400px&#8220; min_height_phone=&#8220;300px&#8220; min_height_last_edited=&#8220;on|phone&#8220; global_colors_info=&#8220;{}&#8220;][et_pb_slide _builder_version=&#8220;4.27.4&#8243; _module_preset=&#8220;default&#8220; background_enable_color=&#8220;off&#8220; background_image=&#8220;https:\/\/otmannhotel.com\/de\/wp-content\/uploads\/sites\/3\/2025\/06\/confortdoble2.webp&#8220; background_enable_image=&#8220;on&#8220; global_colors_info=&#8220;{}&#8220; sticky_transition=&#8220;on&#8220;][\/et_pb_slide][et_pb_slide _builder_version=&#8220;4.27.4&#8243; _module_preset=&#8220;default&#8220; background_enable_color=&#8220;off&#8220; background_image=&#8220;https:\/\/otmannhotel.com\/de\/wp-content\/uploads\/sites\/3\/2025\/06\/lavamanos-deluxe-doble.webp&#8220; background_enable_image=&#8220;on&#8220; global_colors_info=&#8220;{}&#8220; sticky_transition=&#8220;on&#8220;][\/et_pb_slide][\/et_pb_slider][et_pb_text _builder_version=&#8220;4.27.4&#8243; _module_preset=&#8220;default&#8220; text_font=&#8220;&#8211;et_global_heading_font||||||||&#8220; global_colors_info=&#8220;{}&#8220;]<h2 class=\"p1\">Details<\/h2>[\/et_pb_text][et_pb_text _builder_version=&#8220;4.27.4&#8243; _module_preset=&#8220;default&#8220; global_colors_info=&#8220;{}&#8220;][\/et_pb_text][et_pb_divider color=&#8220;#A6A6A6&#8243; _builder_version=&#8220;4.27.4&#8243; _module_preset=&#8220;default&#8220; width=&#8220;100%&#8220; module_alignment=&#8220;center&#8220; global_colors_info=&#8220;{}&#8220;][\/et_pb_divider][\/et_pb_column][\/et_pb_row][et_pb_row column_structure=&#8220;1_2,1_2&#8243; module_class=&#8220;row_responsive&#8220; _builder_version=&#8220;4.27.4&#8243; _module_preset=&#8220;default&#8220; background_color=&#8220;#FFFFFF&#8220; width_tablet=&#8220;100%&#8220; width_phone=&#8220;100%&#8220; width_last_edited=&#8220;on|phone&#8220; max_width=&#8220;70%&#8220; max_width_tablet=&#8220;90%&#8220; max_width_phone=&#8220;100%&#8220; max_width_last_edited=&#8220;on|tablet&#8220; custom_padding=&#8220;|50px||50px|false|true&#8220; global_colors_info=&#8220;{}&#8220;][et_pb_column type=&#8220;1_2&#8243; module_class=&#8220;column_responsive&#8220; _builder_version=&#8220;4.27.4&#8243; _module_preset=&#8220;default&#8220; global_colors_info=&#8220;{}&#8220;][et_pb_blurb title=&#8220;36 m2&#8243; image=&#8220;https:\/\/otmannhotel.com\/de\/wp-content\/uploads\/sites\/3\/2025\/08\/icon-mt2.png&#8220; icon_placement=&#8220;left&#8220; image_icon_width=&#8220;35px&#8220; icon_placement_tablet=&#8220;left&#8220; icon_placement_phone=&#8220;top&#8220; icon_placement_last_edited=&#8220;on|phone&#8220; image_icon_width_tablet=&#8220;30px&#8220; image_icon_width_phone=&#8220;60px&#8220; image_icon_width_last_edited=&#8220;on|phone&#8220; module_class=&#8220;anuncio-centrado&#8220; _builder_version=&#8220;4.27.4&#8243; _module_preset=&#8220;default&#8220; header_font=&#8220;&#8211;et_global_heading_font||||||||&#8220; header_font_size=&#8220;22px&#8220; text_orientation_tablet=&#8220;&#8220; text_orientation_phone=&#8220;center&#8220; text_orientation_last_edited=&#8220;on|phone&#8220; global_colors_info=&#8220;{}&#8220;][\/et_pb_blurb][et_pb_blurb title=&#8220;2 Doppelbetten&#8220; use_icon=&#8220;on&#8220; font_icon=&#8220;&#xf236;||fa||900&#8243; icon_color=&#8220;#1B1B1B&#8220; icon_placement=&#8220;left&#8220; image_icon_width=&#8220;30px&#8220; icon_placement_tablet=&#8220;left&#8220; icon_placement_phone=&#8220;top&#8220; icon_placement_last_edited=&#8220;on|phone&#8220; image_icon_width_tablet=&#8220;30px&#8220; image_icon_width_phone=&#8220;60px&#8220; image_icon_width_last_edited=&#8220;on|tablet&#8220; _builder_version=&#8220;4.27.4&#8243; _module_preset=&#8220;default&#8220; header_font=&#8220;&#8211;et_global_heading_font||||||||&#8220; header_font_size=&#8220;22px&#8220; text_orientation_tablet=&#8220;&#8220; text_orientation_phone=&#8220;center&#8220; text_orientation_last_edited=&#8220;on|phone&#8220; global_colors_info=&#8220;{}&#8220;][\/et_pb_blurb][et_pb_blurb title=&#8220;Amerikanisches Fr\u00fchst\u00fccksbuffet&#8220; use_icon=&#8220;on&#8220; font_icon=&#8220;&#xf2e7;||fa||900&#8243; icon_color=&#8220;#1B1B1B&#8220; icon_placement=&#8220;left&#8220; image_icon_width=&#8220;30px&#8220; icon_placement_tablet=&#8220;left&#8220; icon_placement_phone=&#8220;top&#8220; icon_placement_last_edited=&#8220;on|phone&#8220; image_icon_width_tablet=&#8220;30px&#8220; image_icon_width_phone=&#8220;60px&#8220; image_icon_width_last_edited=&#8220;on|tablet&#8220; _builder_version=&#8220;4.27.4&#8243; _module_preset=&#8220;default&#8220; header_font=&#8220;&#8211;et_global_heading_font||||||||&#8220; header_font_size=&#8220;22px&#8220; text_orientation_tablet=&#8220;&#8220; text_orientation_phone=&#8220;center&#8220; text_orientation_last_edited=&#8220;on|phone&#8220; global_colors_info=&#8220;{}&#8220;]<p>Von 8 Uhr bis 10 Uhr<\/p>[\/et_pb_blurb][et_pb_blurb title=&#8220;Zimmerservice&#8220; use_icon=&#8220;on&#8220; font_icon=&#8220;&#xf2e7;||fa||900&#8243; icon_color=&#8220;#1B1B1B&#8220; icon_placement=&#8220;left&#8220; image_icon_width=&#8220;30px&#8220; icon_placement_tablet=&#8220;left&#8220; icon_placement_phone=&#8220;top&#8220; icon_placement_last_edited=&#8220;on|phone&#8220; image_icon_width_tablet=&#8220;30px&#8220; image_icon_width_phone=&#8220;60px&#8220; image_icon_width_last_edited=&#8220;on|tablet&#8220; _builder_version=&#8220;4.27.4&#8243; _module_preset=&#8220;default&#8220; header_font=&#8220;&#8211;et_global_heading_font||||||||&#8220; header_font_size=&#8220;22px&#8220; custom_padding=&#8220;||0px|||&#8220; text_orientation_tablet=&#8220;&#8220; text_orientation_phone=&#8220;center&#8220; text_orientation_last_edited=&#8220;on|phone&#8220; global_colors_info=&#8220;{}&#8220;][\/et_pb_blurb][et_pb_blurb title=&#8220;Kostenloses WLAN&#8220; use_icon=&#8220;on&#8220; font_icon=&#8220;&#xf1eb;||fa||900&#8243; icon_color=&#8220;#1B1B1B&#8220; icon_placement=&#8220;left&#8220; image_icon_width=&#8220;30px&#8220; icon_placement_tablet=&#8220;left&#8220; icon_placement_phone=&#8220;top&#8220; icon_placement_last_edited=&#8220;on|phone&#8220; image_icon_width_tablet=&#8220;30px&#8220; image_icon_width_phone=&#8220;60px&#8220; image_icon_width_last_edited=&#8220;on|tablet&#8220; _builder_version=&#8220;4.27.4&#8243; _module_preset=&#8220;default&#8220; header_font=&#8220;&#8211;et_global_heading_font||||||||&#8220; header_font_size=&#8220;22px&#8220; text_orientation_tablet=&#8220;&#8220; text_orientation_phone=&#8220;center&#8220; text_orientation_last_edited=&#8220;on|phone&#8220; global_colors_info=&#8220;{}&#8220;][\/et_pb_blurb][\/et_pb_column][et_pb_column type=&#8220;1_2&#8243; module_class=&#8220;column_responsive&#8220; _builder_version=&#8220;4.27.4&#8243; _module_preset=&#8220;default&#8220; global_colors_info=&#8220;{}&#8220;][et_pb_blurb title=&#8220;Kaffeemaschine&#8220; use_icon=&#8220;on&#8220; font_icon=&#8220;&#xf0f4;||fa||900&#8243; icon_color=&#8220;#1B1B1B&#8220; icon_placement=&#8220;left&#8220; image_icon_width=&#8220;30px&#8220; icon_placement_tablet=&#8220;left&#8220; icon_placement_phone=&#8220;top&#8220; icon_placement_last_edited=&#8220;on|phone&#8220; image_icon_width_tablet=&#8220;30px&#8220; image_icon_width_phone=&#8220;60px&#8220; image_icon_width_last_edited=&#8220;on|tablet&#8220; _builder_version=&#8220;4.27.4&#8243; _module_preset=&#8220;default&#8220; header_font=&#8220;&#8211;et_global_heading_font||||||||&#8220; header_font_size=&#8220;22px&#8220; text_orientation_tablet=&#8220;&#8220; text_orientation_phone=&#8220;center&#8220; text_orientation_last_edited=&#8220;on|phone&#8220; global_colors_info=&#8220;{}&#8220;][\/et_pb_blurb][et_pb_blurb title=&#8220;Minibar&#8220; image=&#8220;https:\/\/otmannhotel.com\/de\/wp-content\/uploads\/sites\/3\/2025\/08\/icon-minibar.png&#8220; icon_placement=&#8220;left&#8220; image_icon_width=&#8220;35px&#8220; icon_placement_tablet=&#8220;left&#8220; icon_placement_phone=&#8220;top&#8220; icon_placement_last_edited=&#8220;on|phone&#8220; image_icon_width_tablet=&#8220;30px&#8220; image_icon_width_phone=&#8220;60px&#8220; image_icon_width_last_edited=&#8220;on|phone&#8220; module_class=&#8220;anuncio-centrado&#8220; _builder_version=&#8220;4.27.4&#8243; _module_preset=&#8220;default&#8220; header_font=&#8220;&#8211;et_global_heading_font||||||||&#8220; header_font_size=&#8220;22px&#8220; text_orientation_tablet=&#8220;&#8220; text_orientation_phone=&#8220;center&#8220; text_orientation_last_edited=&#8220;on|phone&#8220; global_colors_info=&#8220;{}&#8220;][\/et_pb_blurb][et_pb_blurb title=&#8220;Zimmersafe&#8220; use_icon=&#8220;on&#8220; font_icon=&#8220;&#xf023;||fa||900&#8243; icon_color=&#8220;#1B1B1B&#8220; icon_placement=&#8220;left&#8220; image_icon_width=&#8220;30px&#8220; icon_placement_tablet=&#8220;left&#8220; icon_placement_phone=&#8220;top&#8220; icon_placement_last_edited=&#8220;on|phone&#8220; image_icon_width_tablet=&#8220;30px&#8220; image_icon_width_phone=&#8220;60px&#8220; image_icon_width_last_edited=&#8220;on|tablet&#8220; _builder_version=&#8220;4.27.4&#8243; _module_preset=&#8220;default&#8220; header_font=&#8220;&#8211;et_global_heading_font||||||||&#8220; header_font_size=&#8220;22px&#8220; text_orientation_tablet=&#8220;&#8220; text_orientation_phone=&#8220;center&#8220; text_orientation_last_edited=&#8220;on|phone&#8220; global_colors_info=&#8220;{}&#8220;][\/et_pb_blurb][et_pb_blurb title=&#8220;Klimaanlage&#8220; use_icon=&#8220;on&#8220; font_icon=&#8220;&#xf2dc;||fa||400&#8243; icon_color=&#8220;#1B1B1B&#8220; icon_placement=&#8220;left&#8220; image_icon_width=&#8220;30px&#8220; icon_placement_tablet=&#8220;left&#8220; icon_placement_phone=&#8220;top&#8220; icon_placement_last_edited=&#8220;on|phone&#8220; image_icon_width_tablet=&#8220;30px&#8220; image_icon_width_phone=&#8220;60px&#8220; image_icon_width_last_edited=&#8220;on|tablet&#8220; _builder_version=&#8220;4.27.4&#8243; _module_preset=&#8220;default&#8220; header_font=&#8220;&#8211;et_global_heading_font||||||||&#8220; header_font_size=&#8220;22px&#8220; text_orientation_tablet=&#8220;&#8220; text_orientation_phone=&#8220;center&#8220; text_orientation_last_edited=&#8220;on|phone&#8220; global_colors_info=&#8220;{}&#8220;][\/et_pb_blurb][et_pb_blurb title=&#8220;Smart TV&#8220; use_icon=&#8220;on&#8220; font_icon=&#8220;&#xf26c;||fa||900&#8243; icon_color=&#8220;#1B1B1B&#8220; icon_placement=&#8220;left&#8220; image_icon_width=&#8220;30px&#8220; icon_placement_tablet=&#8220;left&#8220; icon_placement_phone=&#8220;top&#8220; icon_placement_last_edited=&#8220;on|phone&#8220; image_icon_width_tablet=&#8220;30px&#8220; image_icon_width_phone=&#8220;60px&#8220; image_icon_width_last_edited=&#8220;on|tablet&#8220; _builder_version=&#8220;4.27.4&#8243; _module_preset=&#8220;default&#8220; header_font=&#8220;&#8211;et_global_heading_font||||||||&#8220; header_font_size=&#8220;22px&#8220; text_orientation_tablet=&#8220;&#8220; text_orientation_phone=&#8220;center&#8220; text_orientation_last_edited=&#8220;on|phone&#8220; global_colors_info=&#8220;{}&#8220;][\/et_pb_blurb][\/et_pb_column][\/et_pb_row][et_pb_row _builder_version=&#8220;4.27.4&#8243; _module_preset=&#8220;default&#8220; background_color=&#8220;#FFFFFF&#8220; width_tablet=&#8220;100%&#8220; width_phone=&#8220;100%&#8220; width_last_edited=&#8220;on|phone&#8220; max_width=&#8220;70%&#8220; max_width_tablet=&#8220;90%&#8220; max_width_phone=&#8220;100%&#8220; max_width_last_edited=&#8220;on|tablet&#8220; custom_padding=&#8220;|50px|80px|50px|false|true&#8220; global_colors_info=&#8220;{}&#8220;][et_pb_column type=&#8220;4_4&#8243; _builder_version=&#8220;4.27.4&#8243; _module_preset=&#8220;default&#8220; global_colors_info=&#8220;{}&#8220;][et_pb_button button_text=&#8220;BUCHEN&#8220; button_alignment=&#8220;center&#8220; module_class=&#8220;reservar&#8220; _builder_version=&#8220;4.27.4&#8243; _module_preset=&#8220;default&#8220; custom_button=&#8220;on&#8220; button_text_size=&#8220;14px&#8220; button_text_color=&#8220;#FFFFFF&#8220; button_bg_color=&#8220;#3A5A40&#8243; button_border_width=&#8220;0px&#8220; button_border_radius=&#8220;0px&#8220; button_use_icon=&#8220;off&#8220; custom_padding=&#8220;8px|20px|8px|20px|true|true&#8220; global_colors_info=&#8220;{}&#8220; button_bg_color__hover_enabled=&#8220;on|hover&#8220; button_bg_color__hover=&#8220;#F0EFEC&#8220; button_bg_enable_color__hover=&#8220;on&#8220; button_text_color__hover_enabled=&#8220;on|hover&#8220; button_text_color__hover=&#8220;#3A5A40&#8243;][\/et_pb_button][\/et_pb_column][\/et_pb_row][\/et_pb_section]\n","protected":false},"excerpt":{"rendered":"<p>Delux DoppelzimmerDetailsVon 8 Uhr bis 10 Uhr<\/p>\n","protected":false},"author":1,"featured_media":403,"parent":0,"menu_order":0,"comment_status":"closed","ping_status":"closed","template":"","meta":{"_et_pb_use_builder":"on","_et_pb_old_content":"","_et_gb_content_width":"","footnotes":""},"class_list":["post-235","page","type-page","status-publish","has-post-thumbnail","hentry"],"yoast_head":"<!-- This site is optimized with the Yoast SEO plugin v25.6 - https:\/\/yoast.com\/wordpress\/plugins\/seo\/ -->\n<title>Delux Doppelzimmer | Otm\u00e1nn Deutsches Boutique-Hotel<\/title>\n<meta name=\"description\" content=\"Genie\u00dfen Sie den Komfort unseres Delux Doppelzimmer: zwei Betten, Klimaanlage und kostenloses WLAN f\u00fcr einen erholsamen Aufenthalt.\" \/>\n<meta name=\"robots\" content=\"index, follow, max-snippet:-1, max-image-preview:large, max-video-preview:-1\" \/>\n<link rel=\"canonical\" href=\"https:\/\/otmannhotel.com\/de\/doppelzimmer-komfort\/\" \/>\n<meta property=\"og:locale\" content=\"de_DE\" \/>\n<meta property=\"og:type\" content=\"article\" \/>\n<meta property=\"og:title\" content=\"Delux Doppelzimmer | Otm\u00e1nn Deutsches Boutique-Hotel\" \/>\n<meta property=\"og:description\" content=\"Genie\u00dfen Sie den Komfort unseres Delux Doppelzimmer: zwei Betten, Klimaanlage und kostenloses WLAN f\u00fcr einen erholsamen Aufenthalt.\" \/>\n<meta property=\"og:url\" content=\"https:\/\/otmannhotel.com\/de\/doppelzimmer-komfort\/\" \/>\n<meta property=\"og:site_name\" content=\"Otm\u00e1nn Deutsches Boutique-Hotel\" \/>\n<meta property=\"article:publisher\" content=\"https:\/\/www.facebook.com\/profile.php?id=61573803779115\" \/>\n<meta property=\"article:modified_time\" content=\"2025-09-22T16:39:41+00:00\" \/>\n<meta property=\"og:image\" content=\"https:\/\/otmannhotel.com\/de\/wp-content\/uploads\/sites\/3\/2025\/06\/confortdoble2.webp\" \/>\n\t<meta property=\"og:image:width\" content=\"1200\" \/>\n\t<meta property=\"og:image:height\" content=\"1200\" \/>\n\t<meta property=\"og:image:type\" content=\"image\/webp\" \/>\n<meta name=\"twitter:card\" content=\"summary_large_image\" \/>\n<meta name=\"twitter:label1\" content=\"Est. reading time\" \/>\n\t<meta name=\"twitter:data1\" content=\"1\u00a0Minute\" \/>\n<script type=\"application\/ld+json\" class=\"yoast-schema-graph\">{\"@context\":\"https:\/\/schema.org\",\"@graph\":[{\"@type\":\"WebPage\",\"@id\":\"https:\/\/otmannhotel.com\/de\/doppelzimmer-komfort\/\",\"url\":\"https:\/\/otmannhotel.com\/de\/doppelzimmer-komfort\/\",\"name\":\"Delux Doppelzimmer | Otm\u00e1nn Deutsches Boutique-Hotel\",\"isPartOf\":{\"@id\":\"https:\/\/otmannhotel.com\/de\/#website\"},\"primaryImageOfPage\":{\"@id\":\"https:\/\/otmannhotel.com\/de\/doppelzimmer-komfort\/#primaryimage\"},\"image\":{\"@id\":\"https:\/\/otmannhotel.com\/de\/doppelzimmer-komfort\/#primaryimage\"},\"thumbnailUrl\":\"https:\/\/otmannhotel.com\/de\/wp-content\/uploads\/sites\/3\/2025\/06\/confortdoble2.webp\",\"datePublished\":\"2025-03-14T19:51:50+00:00\",\"dateModified\":\"2025-09-22T16:39:41+00:00\",\"description\":\"Genie\u00dfen Sie den Komfort unseres Delux Doppelzimmer: zwei Betten, Klimaanlage und kostenloses WLAN f\u00fcr einen erholsamen Aufenthalt.\",\"breadcrumb\":{\"@id\":\"https:\/\/otmannhotel.com\/de\/doppelzimmer-komfort\/#breadcrumb\"},\"inLanguage\":\"de\",\"potentialAction\":[{\"@type\":\"ReadAction\",\"target\":[\"https:\/\/otmannhotel.com\/de\/doppelzimmer-komfort\/\"]}]},{\"@type\":\"ImageObject\",\"inLanguage\":\"de\",\"@id\":\"https:\/\/otmannhotel.com\/de\/doppelzimmer-komfort\/#primaryimage\",\"url\":\"https:\/\/otmannhotel.com\/de\/wp-content\/uploads\/sites\/3\/2025\/06\/confortdoble2.webp\",\"contentUrl\":\"https:\/\/otmannhotel.com\/de\/wp-content\/uploads\/sites\/3\/2025\/06\/confortdoble2.webp\",\"width\":1200,\"height\":1200},{\"@type\":\"BreadcrumbList\",\"@id\":\"https:\/\/otmannhotel.com\/de\/doppelzimmer-komfort\/#breadcrumb\",\"itemListElement\":[{\"@type\":\"ListItem\",\"position\":1,\"name\":\"Home\",\"item\":\"https:\/\/otmannhotel.com\/de\/\"},{\"@type\":\"ListItem\",\"position\":2,\"name\":\"Delux Doppelzimmer\"}]},{\"@type\":\"WebSite\",\"@id\":\"https:\/\/otmannhotel.com\/de\/#website\",\"url\":\"https:\/\/otmannhotel.com\/de\/\",\"name\":\"Otm\u00e1nn Deutsches Boutique-Hotel\",\"description\":\"OTM\u00c1NN Hotel Boutique mit 34 Zimmern befindet sich in einem Geb\u00e4ude im franz\u00f6sischen Stil aus der Porfiriato-Zeit (1876\u20131911) im charmanten Viertel Colonia Americana.\",\"publisher\":{\"@id\":\"https:\/\/otmannhotel.com\/de\/#organization\"},\"potentialAction\":[{\"@type\":\"SearchAction\",\"target\":{\"@type\":\"EntryPoint\",\"urlTemplate\":\"https:\/\/otmannhotel.com\/de\/?s={search_term_string}\"},\"query-input\":{\"@type\":\"PropertyValueSpecification\",\"valueRequired\":true,\"valueName\":\"search_term_string\"}}],\"inLanguage\":\"de\"},{\"@type\":\"Organization\",\"@id\":\"https:\/\/otmannhotel.com\/de\/#organization\",\"name\":\"Otm\u00e1nn Hotel\",\"url\":\"https:\/\/otmannhotel.com\/de\/\",\"logo\":{\"@type\":\"ImageObject\",\"inLanguage\":\"de\",\"@id\":\"https:\/\/otmannhotel.com\/de\/#\/schema\/logo\/image\/\",\"url\":\"https:\/\/otmannhotel.com\/de\/wp-content\/uploads\/sites\/3\/2025\/03\/logo-otmann-blanco.png\",\"contentUrl\":\"https:\/\/otmannhotel.com\/de\/wp-content\/uploads\/sites\/3\/2025\/03\/logo-otmann-blanco.png\",\"width\":121,\"height\":106,\"caption\":\"Otm\u00e1nn Hotel\"},\"image\":{\"@id\":\"https:\/\/otmannhotel.com\/de\/#\/schema\/logo\/image\/\"},\"sameAs\":[\"https:\/\/www.facebook.com\/profile.php?id=61573803779115\"]}]}<\/script>\n<!-- \/ Yoast SEO plugin. -->","yoast_head_json":{"title":"Delux Doppelzimmer | Otm\u00e1nn Deutsches Boutique-Hotel","description":"Genie\u00dfen Sie den Komfort unseres Delux Doppelzimmer: zwei Betten, Klimaanlage und kostenloses WLAN f\u00fcr einen erholsamen Aufenthalt.","robots":{"index":"index","follow":"follow","max-snippet":"max-snippet:-1","max-image-preview":"max-image-preview:large","max-video-preview":"max-video-preview:-1"},"canonical":"https:\/\/otmannhotel.com\/de\/doppelzimmer-komfort\/","og_locale":"de_DE","og_type":"article","og_title":"Delux Doppelzimmer | Otm\u00e1nn Deutsches Boutique-Hotel","og_description":"Genie\u00dfen Sie den Komfort unseres Delux Doppelzimmer: zwei Betten, Klimaanlage und kostenloses WLAN f\u00fcr einen erholsamen Aufenthalt.","og_url":"https:\/\/otmannhotel.com\/de\/doppelzimmer-komfort\/","og_site_name":"Otm\u00e1nn Deutsches Boutique-Hotel","article_publisher":"https:\/\/www.facebook.com\/profile.php?id=61573803779115","article_modified_time":"2025-09-22T16:39:41+00:00","og_image":[{"width":1200,"height":1200,"url":"https:\/\/otmannhotel.com\/de\/wp-content\/uploads\/sites\/3\/2025\/06\/confortdoble2.webp","type":"image\/webp"}],"twitter_card":"summary_large_image","twitter_misc":{"Est. reading time":"1\u00a0Minute"},"schema":{"@context":"https:\/\/schema.org","@graph":[{"@type":"WebPage","@id":"https:\/\/otmannhotel.com\/de\/doppelzimmer-komfort\/","url":"https:\/\/otmannhotel.com\/de\/doppelzimmer-komfort\/","name":"Delux Doppelzimmer | Otm\u00e1nn Deutsches Boutique-Hotel","isPartOf":{"@id":"https:\/\/otmannhotel.com\/de\/#website"},"primaryImageOfPage":{"@id":"https:\/\/otmannhotel.com\/de\/doppelzimmer-komfort\/#primaryimage"},"image":{"@id":"https:\/\/otmannhotel.com\/de\/doppelzimmer-komfort\/#primaryimage"},"thumbnailUrl":"https:\/\/otmannhotel.com\/de\/wp-content\/uploads\/sites\/3\/2025\/06\/confortdoble2.webp","datePublished":"2025-03-14T19:51:50+00:00","dateModified":"2025-09-22T16:39:41+00:00","description":"Genie\u00dfen Sie den Komfort unseres Delux Doppelzimmer: zwei Betten, Klimaanlage und kostenloses WLAN f\u00fcr einen erholsamen Aufenthalt.","breadcrumb":{"@id":"https:\/\/otmannhotel.com\/de\/doppelzimmer-komfort\/#breadcrumb"},"inLanguage":"de","potentialAction":[{"@type":"ReadAction","target":["https:\/\/otmannhotel.com\/de\/doppelzimmer-komfort\/"]}]},{"@type":"ImageObject","inLanguage":"de","@id":"https:\/\/otmannhotel.com\/de\/doppelzimmer-komfort\/#primaryimage","url":"https:\/\/otmannhotel.com\/de\/wp-content\/uploads\/sites\/3\/2025\/06\/confortdoble2.webp","contentUrl":"https:\/\/otmannhotel.com\/de\/wp-content\/uploads\/sites\/3\/2025\/06\/confortdoble2.webp","width":1200,"height":1200},{"@type":"BreadcrumbList","@id":"https:\/\/otmannhotel.com\/de\/doppelzimmer-komfort\/#breadcrumb","itemListElement":[{"@type":"ListItem","position":1,"name":"Home","item":"https:\/\/otmannhotel.com\/de\/"},{"@type":"ListItem","position":2,"name":"Delux Doppelzimmer"}]},{"@type":"WebSite","@id":"https:\/\/otmannhotel.com\/de\/#website","url":"https:\/\/otmannhotel.com\/de\/","name":"Otm\u00e1nn Deutsches Boutique-Hotel","description":"OTM\u00c1NN Hotel Boutique mit 34 Zimmern befindet sich in einem Geb\u00e4ude im franz\u00f6sischen Stil aus der Porfiriato-Zeit (1876\u20131911) im charmanten Viertel Colonia Americana.","publisher":{"@id":"https:\/\/otmannhotel.com\/de\/#organization"},"potentialAction":[{"@type":"SearchAction","target":{"@type":"EntryPoint","urlTemplate":"https:\/\/otmannhotel.com\/de\/?s={search_term_string}"},"query-input":{"@type":"PropertyValueSpecification","valueRequired":true,"valueName":"search_term_string"}}],"inLanguage":"de"},{"@type":"Organization","@id":"https:\/\/otmannhotel.com\/de\/#organization","name":"Otm\u00e1nn Hotel","url":"https:\/\/otmannhotel.com\/de\/","logo":{"@type":"ImageObject","inLanguage":"de","@id":"https:\/\/otmannhotel.com\/de\/#\/schema\/logo\/image\/","url":"https:\/\/otmannhotel.com\/de\/wp-content\/uploads\/sites\/3\/2025\/03\/logo-otmann-blanco.png","contentUrl":"https:\/\/otmannhotel.com\/de\/wp-content\/uploads\/sites\/3\/2025\/03\/logo-otmann-blanco.png","width":121,"height":106,"caption":"Otm\u00e1nn Hotel"},"image":{"@id":"https:\/\/otmannhotel.com\/de\/#\/schema\/logo\/image\/"},"sameAs":["https:\/\/www.facebook.com\/profile.php?id=61573803779115"]}]}},"_links":{"self":[{"href":"https:\/\/otmannhotel.com\/de\/wp-json\/wp\/v2\/pages\/235","targetHints":{"allow":["GET"]}}],"collection":[{"href":"https:\/\/otmannhotel.com\/de\/wp-json\/wp\/v2\/pages"}],"about":[{"href":"https:\/\/otmannhotel.com\/de\/wp-json\/wp\/v2\/types\/page"}],"author":[{"embeddable":true,"href":"https:\/\/otmannhotel.com\/de\/wp-json\/wp\/v2\/users\/1"}],"replies":[{"embeddable":true,"href":"https:\/\/otmannhotel.com\/de\/wp-json\/wp\/v2\/comments?post=235"}],"version-history":[{"count":42,"href":"https:\/\/otmannhotel.com\/de\/wp-json\/wp\/v2\/pages\/235\/revisions"}],"predecessor-version":[{"id":694,"href":"https:\/\/otmannhotel.com\/de\/wp-json\/wp\/v2\/pages\/235\/revisions\/694"}],"wp:featuredmedia":[{"embeddable":true,"href":"https:\/\/otmannhotel.com\/de\/wp-json\/wp\/v2\/media\/403"}],"wp:attachment":[{"href":"https:\/\/otmannhotel.com\/de\/wp-json\/wp\/v2\/media?parent=235"}],"curies":[{"name":"wp","href":"https:\/\/api.w.org\/{rel}","templated":true}]}}