{"id":290,"date":"2025-03-21T18:34:49","date_gmt":"2025-03-21T18:34:49","guid":{"rendered":"https:\/\/otmannhotel.red2000.mx\/?page_id=290"},"modified":"2025-08-18T17:28:12","modified_gmt":"2025-08-18T17:28:12","slug":"datenschutzrichtlinie","status":"publish","type":"page","link":"https:\/\/otmannhotel.com\/de\/datenschutzrichtlinie\/","title":{"rendered":"Datenschutzrichtlinie"},"content":{"rendered":"\n[et_pb_section fb_built=&#8220;1&#8243; custom_padding_last_edited=&#8220;on|phone&#8220; _builder_version=&#8220;4.27.4&#8243; _module_preset=&#8220;default&#8220; background_enable_color=&#8220;off&#8220; use_background_color_gradient=&#8220;on&#8220; background_color_gradient_stops=&#8220;rgba(0,0,0,0.1) 0%|rgba(0,0,0,0.1) 98%&#8220; background_color_gradient_overlays_image=&#8220;on&#8220; background_image=&#8220;https:\/\/otmannhotel.com\/de\/wp-content\/uploads\/sites\/3\/2025\/03\/HOTELPRESENTACION01.jpg&#8220; background_enable_video_mp4=&#8220;off&#8220; height_tablet=&#8220;160px&#8220; height_phone=&#8220;160px&#8220; height_last_edited=&#8220;on|tablet&#8220; max_height=&#8220;270px&#8220; custom_padding=&#8220;100px||100px||true|false&#8220; custom_padding_tablet=&#8220;0px||0px||true|false&#8220; custom_padding_phone=&#8220;0px||0px||true|false&#8220; hover_enabled=&#8220;0&#8243; global_colors_info=&#8220;{}&#8220; title_text=&#8220;HOTELPRESENTACION01&#8243; sticky_enabled=&#8220;0&#8243;][et_pb_row _builder_version=&#8220;4.27.4&#8243; _module_preset=&#8220;default&#8220; module_alignment=&#8220;center&#8220; custom_margin=&#8220;auto||auto||false|false&#8220; custom_padding=&#8220;||||false|false&#8220; custom_css_main_element=&#8220;    display: flex;||    align-items: center;||    justify-content: center;||    height: 100%;&#8220; global_colors_info=&#8220;{}&#8220;][et_pb_column type=&#8220;4_4&#8243; _builder_version=&#8220;4.27.4&#8243; _module_preset=&#8220;default&#8220; global_colors_info=&#8220;{}&#8220;][et_pb_text _builder_version=&#8220;4.27.4&#8243; _module_preset=&#8220;default&#8220; header_font=&#8220;&#8211;et_global_heading_font||||||||&#8220; header_text_align=&#8220;center&#8220; header_text_color=&#8220;#FFFFFF&#8220; header_font_size=&#8220;60px&#8220; hover_enabled=&#8220;0&#8243; header_font_size_tablet=&#8220;50px&#8220; header_font_size_phone=&#8220;40px&#8220; header_font_size_last_edited=&#8220;on|tablet&#8220; global_colors_info=&#8220;{}&#8220; sticky_enabled=&#8220;0&#8243;]<h1>Datenschutzrichtlinie<\/h1>[\/et_pb_text][\/et_pb_column][\/et_pb_row][\/et_pb_section][et_pb_section fb_built=&#8220;1&#8243; _builder_version=&#8220;4.27.4&#8243; _module_preset=&#8220;default&#8220; background_color=&#8220;#F0EFEC&#8220; custom_margin=&#8220;||||false|false&#8220; custom_padding=&#8220;||0px||false|false&#8220; global_colors_info=&#8220;{}&#8220;][et_pb_row module_class=&#8220;row_responsive&#8220; _builder_version=&#8220;4.27.4&#8243; _module_preset=&#8220;default&#8220; background_color=&#8220;#FFFFFF&#8220; width_tablet=&#8220;95%&#8220; width_phone=&#8220;95%&#8220; width_last_edited=&#8220;on|phone&#8220; max_width=&#8220;95%&#8220; custom_padding=&#8220;|20px|100px|20px|false|true&#8220; global_colors_info=&#8220;{}&#8220;][et_pb_column type=&#8220;4_4&#8243; _builder_version=&#8220;4.27.4&#8243; _module_preset=&#8220;default&#8220; global_colors_info=&#8220;{}&#8220;][et_pb_text _builder_version=&#8220;4.27.4&#8243; _module_preset=&#8220;default&#8220; hover_enabled=&#8220;0&#8243; global_colors_info=&#8220;{}&#8220; sticky_enabled=&#8220;0&#8243;]<p data-start=\"68\" data-end=\"742\">Gem\u00e4\u00df den Bestimmungen des Bundesgesetzes zum Schutz personenbezogener Daten im Besitz von Privatpersonen informieren wir Sie, dass Ihre personenbezogenen Daten, die durch Check-in-Registrierungen, Unternehmensvereinbarungen, Kreditoren- und Debitorenkonten, Rechnungen und\/oder andere von Ihnen gemachte Angaben \u00fcber elektronische oder gedruckte Medien erhoben werden, ausschlie\u00dflich von <strong data-start=\"472\" data-end=\"529\">OPERADORA JOMOTO S.A. DE C.V. | OTM\u00c1NN HOTEL BOUTIQUE<\/strong> in einer Datenbank unter strengster Vertraulichkeit verwendet und aufbewahrt werden, in \u00dcbereinstimmung mit den Sicherheitsrichtlinien und -verfahren, die zu diesem Zweck von <strong data-start=\"682\" data-end=\"739\">OPERADORA JOMOTO S.A. DE C.V. | OTM\u00c1NN HOTEL BOUTIQUE<\/strong> implementiert wurden.<\/p>\n\n<p data-start=\"744\" data-end=\"1026\">Die personenbezogenen Daten, die wir pers\u00f6nlich oder direkt erheben, sind unter anderem: Name, Adresse, Telefonnummer, E-Mail-Adresse, Unterschrift, Steueridentifikationsnummer (RFC), eindeutige Bev\u00f6lkerungsregistrierungsnummer (CURP), Geburtsdatum, Alter, Nationalit\u00e4t und Familienstand.<\/p>\n\n<p data-start=\"1028\" data-end=\"1600\"><strong data-start=\"1028\" data-end=\"1085\">OPERADORA JOMOTO S.A. DE C.V. | OTM\u00c1NN HOTEL BOUTIQUE<\/strong> erhebt keine sensiblen personenbezogenen Daten, also solche, die Aspekte wie ethnische oder rassische Herkunft, gegenw\u00e4rtigen oder zuk\u00fcnftigen Gesundheitszustand, genetische Informationen, religi\u00f6se, philosophische oder moralische \u00dcberzeugungen, Gewerkschaftszugeh\u00f6rigkeit, politische Meinungen oder sexuelle Orientierung offenbaren k\u00f6nnten. Ebenso werden keine Informationen \u00fcber Cookies oder Web Beacons erhoben, wenn Sie unsere Website besuchen; wir erfassen Ihre Daten nur, wenn Sie uns diese pers\u00f6nlich und direkt zur Verf\u00fcgung stellen.<\/p>\n\n<p data-start=\"1602\" data-end=\"2118\">Die Sicherheit und Vertraulichkeit der Daten, die uns bei der Nutzung unserer Online-Dienste zur Verf\u00fcgung gestellt werden, wird durch einen sicheren Server gesch\u00fctzt, sodass die \u00fcbermittelten Daten verschl\u00fcsselt werden, um ihre Aufbewahrung zu gew\u00e4hrleisten. Die Verarbeitung der von Ihnen bereitgestellten personenbezogenen Daten erfolgt ausschlie\u00dflich zum Zweck der Vermietung und Bewerbung aller Arten von tempor\u00e4ren Beherbergungsdiensten und -produkten, die von <strong data-start=\"2058\" data-end=\"2115\">OPERADORA JOMOTO S.A. DE C.V. | OTM\u00c1NN HOTEL BOUTIQUE<\/strong> angeboten werden.<\/p>\n\n<p data-start=\"2120\" data-end=\"2490\">Sie k\u00f6nnen jederzeit die Einwilligung, die Sie zur Verarbeitung Ihrer personenbezogenen Daten erteilt haben, widerrufen, damit diese nicht mehr verwendet werden, vorausgesetzt, Sie haben keinen laufenden rechtsg\u00fcltigen Vertrag mit <strong data-start=\"2349\" data-end=\"2406\">OPERADORA JOMOTO S.A. DE C.V. | OTM\u00c1NN HOTEL BOUTIQUE<\/strong>. Dazu m\u00fcssen Sie einen schriftlichen Antrag an folgende Adresse stellen:<\/p>\n\n<p data-start=\"2492\" data-end=\"2570\"><strong data-start=\"2492\" data-end=\"2568\">Av. La Paz 1916, Col. Americana, PLZ 44160 Guadalajara, Jalisco, Mexiko<\/strong><\/p>\n\n<p data-start=\"2572\" data-end=\"2631\">Dieser Antrag muss folgende Informationen enthalten:<\/p>\n\n<ul data-start=\"2633\" data-end=\"2927\">\n\t<li data-start=\"2633\" data-end=\"2685\">Vollst\u00e4ndiger Name, Adresse und E-Mail-Adresse.<\/li>\n\t<li data-start=\"2686\" data-end=\"2832\">Kopie des Ausweises des Rechteinhabers oder gegebenenfalls ein Dokument, das die Vertretung des Rechteinhabers nachweist.<\/li>\n\t<li data-start=\"2833\" data-end=\"2927\">Angabe der Gr\u00fcnde, aus denen Sie den Widerruf der erteilten Einwilligung beantragen.<\/li>\n<\/ul>\n\n<p data-start=\"2929\" data-end=\"3097\">Nach Eingang Ihres Antrags wird <strong data-start=\"2962\" data-end=\"3019\">OPERADORA JOMOTO S.A. DE C.V. | OTM\u00c1NN HOTEL BOUTIQUE<\/strong> innerhalb einer Frist von maximal <strong data-start=\"3075\" data-end=\"3094\">20 Arbeitstagen<\/strong> antworten.<\/p>\n\n<p data-start=\"3099\" data-end=\"3317\">Sie k\u00f6nnen jederzeit Ihre <strong data-start=\"3155\" data-end=\"3163\">ARCO<\/strong>-Rechte (Auskunft, Berichtigung, L\u00f6schung oder Widerspruch) an der oben genannten Adresse aus\u00fcben, indem Sie einen schriftlichen Antrag einreichen, der Folgendes enthalten muss:<\/p>\n\n<ul data-start=\"3319\" data-end=\"3747\">\n\t<li data-start=\"3319\" data-end=\"3371\">Vollst\u00e4ndiger Name, Adresse und E-Mail-Adresse.<\/li>\n\t<li data-start=\"3372\" data-end=\"3518\">Kopie des Ausweises des Rechteinhabers oder gegebenenfalls ein Dokument, das die Vertretung des Rechteinhabers nachweist.<\/li>\n\t<li data-start=\"3519\" data-end=\"3653\">Klare und pr\u00e4zise Angabe der personenbezogenen Daten, auf die Sie zugreifen m\u00f6chten, und des <strong data-start=\"3622\" data-end=\"3630\">ARCO<\/strong>-Rechts, das Sie aus\u00fcben m\u00f6chten.<\/li>\n\t<li data-start=\"3654\" data-end=\"3747\">Jedes andere Element oder Dokument, das die Lokalisierung der personenbezogenen Daten erleichtert.<\/li>\n<\/ul>\n\n<p data-start=\"3749\" data-end=\"3912\">Im Falle einer <strong data-start=\"3760\" data-end=\"3801\">Berichtigung personenbezogener Daten<\/strong> m\u00fcssen Sie die zu \u00e4ndernden Daten angeben sowie ein Dokument beif\u00fcgen, das die Berichtigung rechtfertigt.<\/p>\n\n<p data-start=\"3914\" data-end=\"4051\">Im Falle eines <strong data-start=\"3925\" data-end=\"3977\">Widerspruchs gegen die Verarbeitung personenbezogener Daten<\/strong> m\u00fcssen Sie die Gr\u00fcnde f\u00fcr Ihren Widerspruch angeben.<\/p>\n\n<p data-start=\"4053\" data-end=\"4465\">Nach Eingang Ihres Antrags wird <strong data-start=\"4086\" data-end=\"4143\">OPERADORA JOMOTO S.A. DE C.V. | OTM\u00c1NN HOTEL BOUTIQUE<\/strong> innerhalb einer Frist von maximal <strong data-start=\"4199\" data-end=\"4218\">20 Arbeitstagen<\/strong> antworten. Sollte Ihr Antrag stattgegeben werden, wird <strong data-start=\"4265\" data-end=\"4322\">OPERADORA JOMOTO S.A. DE C.V. | OTM\u00c1NN HOTEL BOUTIQUE<\/strong> Ihr(e) ausge\u00fcbtes(n) Recht(e) innerhalb einer Frist von <strong data-start=\"4389\" data-end=\"4408\">15 Arbeitstagen<\/strong> nach den zuvor genannten <strong data-start=\"4427\" data-end=\"4438\">20 Tagen<\/strong> umsetzen.<\/p>\n\n<p data-start=\"4467\" data-end=\"4661\">Ihre personenbezogenen Daten <strong data-start=\"4488\" data-end=\"4511\">werden nicht verwendet<\/strong> f\u00fcr Marketing- oder Werbezwecke und werden nicht an Dritte au\u00dferhalb von <strong data-start=\"4601\" data-end=\"4658\">OPERADORA JOMOTO S.A. DE C.V. | OTM\u00c1NN HOTEL BOUTIQUE<\/strong> weitergegeben.<\/p>\n\n<p data-start=\"4663\" data-end=\"5037\">Mit der Unterzeichnung dieser Mitteilung erkl\u00e4re ich mich einverstanden und erm\u00e4chtige <strong data-start=\"4746\" data-end=\"4803\">OPERADORA JOMOTO S.A. DE C.V. | OTM\u00c1NN HOTEL BOUTIQUE<\/strong>, meine personenbezogenen Daten unter den oben beschriebenen Bedingungen zu \u00fcbermitteln. Sobald Ihnen diese Mitteilung vorliegt und Sie keinen Widerspruch \u00e4u\u00dfern, wird davon ausgegangen, dass Sie der Verarbeitung Ihrer Daten stillschweigend zustimmen.<\/p>\n[\/et_pb_text][\/et_pb_column][\/et_pb_row][\/et_pb_section]\n","protected":false},"excerpt":{"rendered":"<p>DatenschutzrichtlinieGem\u00e4\u00df den Bestimmungen des Bundesgesetzes zum Schutz personenbezogener Daten im Besitz von Privatpersonen informieren wir Sie, dass Ihre personenbezogenen Daten, die durch Check-in-Registrierungen, Unternehmensvereinbarungen, Kreditoren- und Debitorenkonten, Rechnungen und\/oder andere von Ihnen gemachte Angaben \u00fcber elektronische oder gedruckte Medien erhoben werden, ausschlie\u00dflich von OPERADORA JOMOTO S.A. DE C.V. | OTM\u00c1NN HOTEL BOUTIQUE in einer Datenbank [&hellip;]<\/p>\n","protected":false},"author":1,"featured_media":395,"parent":0,"menu_order":0,"comment_status":"closed","ping_status":"closed","template":"","meta":{"_et_pb_use_builder":"on","_et_pb_old_content":"","_et_gb_content_width":"","footnotes":""},"class_list":["post-290","page","type-page","status-publish","has-post-thumbnail","hentry"],"yoast_head":"<!-- This site is optimized with the Yoast SEO plugin v25.6 - https:\/\/yoast.com\/wordpress\/plugins\/seo\/ -->\n<title>Datenschutzrichtlinie | Otm\u00e1nn Deutsches Boutique-Hotel<\/title>\n<meta name=\"description\" content=\"Erfahren Sie, wie wir Ihre personenbezogenen Daten mit Transparenz und Sicherheit sch\u00fctzen und so Ihre Privatsph\u00e4re bei jeder Interaktion...\" \/>\n<meta name=\"robots\" content=\"index, follow, max-snippet:-1, max-image-preview:large, max-video-preview:-1\" \/>\n<link rel=\"canonical\" href=\"https:\/\/otmannhotel.com\/de\/datenschutzrichtlinie\/\" \/>\n<meta property=\"og:locale\" content=\"de_DE\" \/>\n<meta property=\"og:type\" content=\"article\" \/>\n<meta property=\"og:title\" content=\"Datenschutzrichtlinie | Otm\u00e1nn Deutsches Boutique-Hotel\" \/>\n<meta property=\"og:description\" content=\"Erfahren Sie, wie wir Ihre personenbezogenen Daten mit Transparenz und Sicherheit sch\u00fctzen und so Ihre Privatsph\u00e4re bei jeder Interaktion...\" \/>\n<meta property=\"og:url\" content=\"https:\/\/otmannhotel.com\/de\/datenschutzrichtlinie\/\" \/>\n<meta property=\"og:site_name\" content=\"Otm\u00e1nn Deutsches Boutique-Hotel\" \/>\n<meta property=\"article:publisher\" content=\"https:\/\/www.facebook.com\/profile.php?id=61573803779115\" \/>\n<meta property=\"article:modified_time\" content=\"2025-08-18T17:28:12+00:00\" \/>\n<meta property=\"og:image\" content=\"https:\/\/otmannhotel.com\/de\/wp-content\/uploads\/sites\/3\/2025\/06\/galeria-4.webp\" \/>\n\t<meta property=\"og:image:width\" content=\"1200\" \/>\n\t<meta property=\"og:image:height\" content=\"1200\" \/>\n\t<meta property=\"og:image:type\" content=\"image\/webp\" \/>\n<meta name=\"twitter:card\" content=\"summary_large_image\" \/>\n<meta name=\"twitter:label1\" content=\"Est. reading time\" \/>\n\t<meta name=\"twitter:data1\" content=\"4\u00a0Minuten\" \/>\n<script type=\"application\/ld+json\" class=\"yoast-schema-graph\">{\"@context\":\"https:\/\/schema.org\",\"@graph\":[{\"@type\":\"WebPage\",\"@id\":\"https:\/\/otmannhotel.com\/de\/datenschutzrichtlinie\/\",\"url\":\"https:\/\/otmannhotel.com\/de\/datenschutzrichtlinie\/\",\"name\":\"Datenschutzrichtlinie | Otm\u00e1nn Deutsches Boutique-Hotel\",\"isPartOf\":{\"@id\":\"https:\/\/otmannhotel.com\/de\/#website\"},\"primaryImageOfPage\":{\"@id\":\"https:\/\/otmannhotel.com\/de\/datenschutzrichtlinie\/#primaryimage\"},\"image\":{\"@id\":\"https:\/\/otmannhotel.com\/de\/datenschutzrichtlinie\/#primaryimage\"},\"thumbnailUrl\":\"https:\/\/otmannhotel.com\/de\/wp-content\/uploads\/sites\/3\/2025\/06\/galeria-4.webp\",\"datePublished\":\"2025-03-21T18:34:49+00:00\",\"dateModified\":\"2025-08-18T17:28:12+00:00\",\"description\":\"Erfahren Sie, wie wir Ihre personenbezogenen Daten mit Transparenz und Sicherheit sch\u00fctzen und so Ihre Privatsph\u00e4re bei jeder Interaktion...\",\"breadcrumb\":{\"@id\":\"https:\/\/otmannhotel.com\/de\/datenschutzrichtlinie\/#breadcrumb\"},\"inLanguage\":\"de\",\"potentialAction\":[{\"@type\":\"ReadAction\",\"target\":[\"https:\/\/otmannhotel.com\/de\/datenschutzrichtlinie\/\"]}]},{\"@type\":\"ImageObject\",\"inLanguage\":\"de\",\"@id\":\"https:\/\/otmannhotel.com\/de\/datenschutzrichtlinie\/#primaryimage\",\"url\":\"https:\/\/otmannhotel.com\/de\/wp-content\/uploads\/sites\/3\/2025\/06\/galeria-4.webp\",\"contentUrl\":\"https:\/\/otmannhotel.com\/de\/wp-content\/uploads\/sites\/3\/2025\/06\/galeria-4.webp\",\"width\":1200,\"height\":1200},{\"@type\":\"BreadcrumbList\",\"@id\":\"https:\/\/otmannhotel.com\/de\/datenschutzrichtlinie\/#breadcrumb\",\"itemListElement\":[{\"@type\":\"ListItem\",\"position\":1,\"name\":\"Home\",\"item\":\"https:\/\/otmannhotel.com\/de\/\"},{\"@type\":\"ListItem\",\"position\":2,\"name\":\"Datenschutzrichtlinie\"}]},{\"@type\":\"WebSite\",\"@id\":\"https:\/\/otmannhotel.com\/de\/#website\",\"url\":\"https:\/\/otmannhotel.com\/de\/\",\"name\":\"Otm\u00e1nn Deutsches Boutique-Hotel\",\"description\":\"OTM\u00c1NN Hotel Boutique mit 34 Zimmern befindet sich in einem Geb\u00e4ude im franz\u00f6sischen Stil aus der Porfiriato-Zeit (1876\u20131911) im charmanten Viertel Colonia Americana.\",\"publisher\":{\"@id\":\"https:\/\/otmannhotel.com\/de\/#organization\"},\"potentialAction\":[{\"@type\":\"SearchAction\",\"target\":{\"@type\":\"EntryPoint\",\"urlTemplate\":\"https:\/\/otmannhotel.com\/de\/?s={search_term_string}\"},\"query-input\":{\"@type\":\"PropertyValueSpecification\",\"valueRequired\":true,\"valueName\":\"search_term_string\"}}],\"inLanguage\":\"de\"},{\"@type\":\"Organization\",\"@id\":\"https:\/\/otmannhotel.com\/de\/#organization\",\"name\":\"Otm\u00e1nn Hotel\",\"url\":\"https:\/\/otmannhotel.com\/de\/\",\"logo\":{\"@type\":\"ImageObject\",\"inLanguage\":\"de\",\"@id\":\"https:\/\/otmannhotel.com\/de\/#\/schema\/logo\/image\/\",\"url\":\"https:\/\/otmannhotel.com\/de\/wp-content\/uploads\/sites\/3\/2025\/03\/logo-otmann-blanco.png\",\"contentUrl\":\"https:\/\/otmannhotel.com\/de\/wp-content\/uploads\/sites\/3\/2025\/03\/logo-otmann-blanco.png\",\"width\":121,\"height\":106,\"caption\":\"Otm\u00e1nn Hotel\"},\"image\":{\"@id\":\"https:\/\/otmannhotel.com\/de\/#\/schema\/logo\/image\/\"},\"sameAs\":[\"https:\/\/www.facebook.com\/profile.php?id=61573803779115\"]}]}<\/script>\n<!-- \/ Yoast SEO plugin. -->","yoast_head_json":{"title":"Datenschutzrichtlinie | Otm\u00e1nn Deutsches Boutique-Hotel","description":"Erfahren Sie, wie wir Ihre personenbezogenen Daten mit Transparenz und Sicherheit sch\u00fctzen und so Ihre Privatsph\u00e4re bei jeder Interaktion...","robots":{"index":"index","follow":"follow","max-snippet":"max-snippet:-1","max-image-preview":"max-image-preview:large","max-video-preview":"max-video-preview:-1"},"canonical":"https:\/\/otmannhotel.com\/de\/datenschutzrichtlinie\/","og_locale":"de_DE","og_type":"article","og_title":"Datenschutzrichtlinie | Otm\u00e1nn Deutsches Boutique-Hotel","og_description":"Erfahren Sie, wie wir Ihre personenbezogenen Daten mit Transparenz und Sicherheit sch\u00fctzen und so Ihre Privatsph\u00e4re bei jeder Interaktion...","og_url":"https:\/\/otmannhotel.com\/de\/datenschutzrichtlinie\/","og_site_name":"Otm\u00e1nn Deutsches Boutique-Hotel","article_publisher":"https:\/\/www.facebook.com\/profile.php?id=61573803779115","article_modified_time":"2025-08-18T17:28:12+00:00","og_image":[{"width":1200,"height":1200,"url":"https:\/\/otmannhotel.com\/de\/wp-content\/uploads\/sites\/3\/2025\/06\/galeria-4.webp","type":"image\/webp"}],"twitter_card":"summary_large_image","twitter_misc":{"Est. reading time":"4\u00a0Minuten"},"schema":{"@context":"https:\/\/schema.org","@graph":[{"@type":"WebPage","@id":"https:\/\/otmannhotel.com\/de\/datenschutzrichtlinie\/","url":"https:\/\/otmannhotel.com\/de\/datenschutzrichtlinie\/","name":"Datenschutzrichtlinie | Otm\u00e1nn Deutsches Boutique-Hotel","isPartOf":{"@id":"https:\/\/otmannhotel.com\/de\/#website"},"primaryImageOfPage":{"@id":"https:\/\/otmannhotel.com\/de\/datenschutzrichtlinie\/#primaryimage"},"image":{"@id":"https:\/\/otmannhotel.com\/de\/datenschutzrichtlinie\/#primaryimage"},"thumbnailUrl":"https:\/\/otmannhotel.com\/de\/wp-content\/uploads\/sites\/3\/2025\/06\/galeria-4.webp","datePublished":"2025-03-21T18:34:49+00:00","dateModified":"2025-08-18T17:28:12+00:00","description":"Erfahren Sie, wie wir Ihre personenbezogenen Daten mit Transparenz und Sicherheit sch\u00fctzen und so Ihre Privatsph\u00e4re bei jeder Interaktion...","breadcrumb":{"@id":"https:\/\/otmannhotel.com\/de\/datenschutzrichtlinie\/#breadcrumb"},"inLanguage":"de","potentialAction":[{"@type":"ReadAction","target":["https:\/\/otmannhotel.com\/de\/datenschutzrichtlinie\/"]}]},{"@type":"ImageObject","inLanguage":"de","@id":"https:\/\/otmannhotel.com\/de\/datenschutzrichtlinie\/#primaryimage","url":"https:\/\/otmannhotel.com\/de\/wp-content\/uploads\/sites\/3\/2025\/06\/galeria-4.webp","contentUrl":"https:\/\/otmannhotel.com\/de\/wp-content\/uploads\/sites\/3\/2025\/06\/galeria-4.webp","width":1200,"height":1200},{"@type":"BreadcrumbList","@id":"https:\/\/otmannhotel.com\/de\/datenschutzrichtlinie\/#breadcrumb","itemListElement":[{"@type":"ListItem","position":1,"name":"Home","item":"https:\/\/otmannhotel.com\/de\/"},{"@type":"ListItem","position":2,"name":"Datenschutzrichtlinie"}]},{"@type":"WebSite","@id":"https:\/\/otmannhotel.com\/de\/#website","url":"https:\/\/otmannhotel.com\/de\/","name":"Otm\u00e1nn Deutsches Boutique-Hotel","description":"OTM\u00c1NN Hotel Boutique mit 34 Zimmern befindet sich in einem Geb\u00e4ude im franz\u00f6sischen Stil aus der Porfiriato-Zeit (1876\u20131911) im charmanten Viertel Colonia Americana.","publisher":{"@id":"https:\/\/otmannhotel.com\/de\/#organization"},"potentialAction":[{"@type":"SearchAction","target":{"@type":"EntryPoint","urlTemplate":"https:\/\/otmannhotel.com\/de\/?s={search_term_string}"},"query-input":{"@type":"PropertyValueSpecification","valueRequired":true,"valueName":"search_term_string"}}],"inLanguage":"de"},{"@type":"Organization","@id":"https:\/\/otmannhotel.com\/de\/#organization","name":"Otm\u00e1nn Hotel","url":"https:\/\/otmannhotel.com\/de\/","logo":{"@type":"ImageObject","inLanguage":"de","@id":"https:\/\/otmannhotel.com\/de\/#\/schema\/logo\/image\/","url":"https:\/\/otmannhotel.com\/de\/wp-content\/uploads\/sites\/3\/2025\/03\/logo-otmann-blanco.png","contentUrl":"https:\/\/otmannhotel.com\/de\/wp-content\/uploads\/sites\/3\/2025\/03\/logo-otmann-blanco.png","width":121,"height":106,"caption":"Otm\u00e1nn Hotel"},"image":{"@id":"https:\/\/otmannhotel.com\/de\/#\/schema\/logo\/image\/"},"sameAs":["https:\/\/www.facebook.com\/profile.php?id=61573803779115"]}]}},"_links":{"self":[{"href":"https:\/\/otmannhotel.com\/de\/wp-json\/wp\/v2\/pages\/290","targetHints":{"allow":["GET"]}}],"collection":[{"href":"https:\/\/otmannhotel.com\/de\/wp-json\/wp\/v2\/pages"}],"about":[{"href":"https:\/\/otmannhotel.com\/de\/wp-json\/wp\/v2\/types\/page"}],"author":[{"embeddable":true,"href":"https:\/\/otmannhotel.com\/de\/wp-json\/wp\/v2\/users\/1"}],"replies":[{"embeddable":true,"href":"https:\/\/otmannhotel.com\/de\/wp-json\/wp\/v2\/comments?post=290"}],"version-history":[{"count":9,"href":"https:\/\/otmannhotel.com\/de\/wp-json\/wp\/v2\/pages\/290\/revisions"}],"predecessor-version":[{"id":685,"href":"https:\/\/otmannhotel.com\/de\/wp-json\/wp\/v2\/pages\/290\/revisions\/685"}],"wp:featuredmedia":[{"embeddable":true,"href":"https:\/\/otmannhotel.com\/de\/wp-json\/wp\/v2\/media\/395"}],"wp:attachment":[{"href":"https:\/\/otmannhotel.com\/de\/wp-json\/wp\/v2\/media?parent=290"}],"curies":[{"name":"wp","href":"https:\/\/api.w.org\/{rel}","templated":true}]}}