{"id":295,"date":"2025-03-21T18:40:06","date_gmt":"2025-03-21T18:40:06","guid":{"rendered":"https:\/\/otmannhotel.red2000.mx\/?page_id=295"},"modified":"2025-08-18T17:27:20","modified_gmt":"2025-08-18T17:27:20","slug":"stornierungsrichtlinie","status":"publish","type":"page","link":"https:\/\/otmannhotel.com\/de\/stornierungsrichtlinie\/","title":{"rendered":"Stornierungsrichtlinie"},"content":{"rendered":"\n[et_pb_section fb_built=&#8220;1&#8243; custom_padding_last_edited=&#8220;on|phone&#8220; _builder_version=&#8220;4.27.4&#8243; _module_preset=&#8220;default&#8220; background_enable_color=&#8220;off&#8220; use_background_color_gradient=&#8220;on&#8220; background_color_gradient_stops=&#8220;rgba(0,0,0,0.1) 0%|rgba(0,0,0,0.1) 98%&#8220; background_color_gradient_overlays_image=&#8220;on&#8220; background_image=&#8220;https:\/\/otmannhotel.com\/de\/wp-content\/uploads\/sites\/3\/2025\/03\/HOTEL01.jpg&#8220; background_enable_video_mp4=&#8220;off&#8220; height_tablet=&#8220;160px&#8220; height_phone=&#8220;160px&#8220; height_last_edited=&#8220;on|tablet&#8220; max_height=&#8220;270px&#8220; custom_padding=&#8220;100px||100px||true|false&#8220; custom_padding_tablet=&#8220;0px||0px||true|false&#8220; custom_padding_phone=&#8220;0px||0px||true|false&#8220; hover_enabled=&#8220;0&#8243; global_colors_info=&#8220;{}&#8220; title_text=&#8220;HOTEL01&#8243; sticky_enabled=&#8220;0&#8243;][et_pb_row _builder_version=&#8220;4.27.4&#8243; _module_preset=&#8220;default&#8220; module_alignment=&#8220;center&#8220; custom_margin=&#8220;auto||auto||false|false&#8220; custom_padding=&#8220;||||false|false&#8220; custom_css_main_element=&#8220;    display: flex;||    align-items: center;||    justify-content: center;||    height: 100%;&#8220; global_colors_info=&#8220;{}&#8220;][et_pb_column type=&#8220;4_4&#8243; _builder_version=&#8220;4.27.4&#8243; _module_preset=&#8220;default&#8220; global_colors_info=&#8220;{}&#8220;][et_pb_text _builder_version=&#8220;4.27.4&#8243; _module_preset=&#8220;default&#8220; header_font=&#8220;&#8211;et_global_heading_font||||||||&#8220; header_text_align=&#8220;center&#8220; header_text_color=&#8220;#FFFFFF&#8220; header_font_size=&#8220;60px&#8220; header_font_size_tablet=&#8220;50px&#8220; header_font_size_phone=&#8220;40px&#8220; header_font_size_last_edited=&#8220;on|tablet&#8220; global_colors_info=&#8220;{}&#8220;]<h1>Stornierungsrichtlinien<\/h1>[\/et_pb_text][\/et_pb_column][\/et_pb_row][\/et_pb_section][et_pb_section fb_built=&#8220;1&#8243; _builder_version=&#8220;4.27.4&#8243; _module_preset=&#8220;default&#8220; background_color=&#8220;#F0EFEC&#8220; custom_margin=&#8220;||||false|false&#8220; custom_padding=&#8220;||0px||false|false&#8220; global_colors_info=&#8220;{}&#8220;][et_pb_row module_class=&#8220;row_responsive&#8220; _builder_version=&#8220;4.27.4&#8243; _module_preset=&#8220;default&#8220; background_color=&#8220;#FFFFFF&#8220; width_tablet=&#8220;95%&#8220; width_phone=&#8220;95%&#8220; width_last_edited=&#8220;on|phone&#8220; max_width=&#8220;95%&#8220; custom_padding=&#8220;|20px|100px|20px|false|true&#8220; global_colors_info=&#8220;{}&#8220;][et_pb_column type=&#8220;4_4&#8243; _builder_version=&#8220;4.27.4&#8243; _module_preset=&#8220;default&#8220; global_colors_info=&#8220;{}&#8220;][et_pb_text _builder_version=&#8220;4.27.4&#8243; _module_preset=&#8220;default&#8220; global_colors_info=&#8220;{}&#8220;]<h4 data-start=\"121\" data-end=\"194\"><strong data-start=\"126\" data-end=\"192\">Sie haben \u00fcber ein Reiseb\u00fcro oder im Internet gebucht:<\/strong><\/h4>\n<p data-start=\"195\" data-end=\"496\">\u2022 Wenn Sie eine \u00fcber ein Reiseb\u00fcro wie <strong data-start=\"290\" data-end=\"350\">Best Day, Booking.com, Despegar.com, Expedia, Hotels.com<\/strong> usw. vorgenommene Buchung \u00e4ndern oder stornieren m\u00f6chten, wenden Sie sich bitte direkt an diese \u00fcber die Kundendienstnummer, die Ihnen bei Ihrer Buchung mitgeteilt wurde.<\/p>\n\n<h4 data-start=\"498\" data-end=\"562\"><strong data-start=\"503\" data-end=\"560\">Sie haben direkt im Otmann Hotel Boutique gebucht:<\/strong><\/h4>\n<p data-start=\"563\" data-end=\"840\">\u2022 Wenn Sie Ihre Buchung \u00e4ndern oder stornieren m\u00f6chten, setzen Sie sich bitte direkt telefonisch oder per E-Mail mit uns in Verbindung. Wir empfehlen Ihnen, vorab den Abschnitt zu den <strong data-start=\"742\" data-end=\"795\">Stornierungsrichtlinien des Otmann Hotel Boutique<\/strong> zu lesen.<\/p>\n\n<hr data-start=\"842\" data-end=\"845\" \/>\n\n<h3 data-start=\"847\" data-end=\"891\"><strong data-start=\"851\" data-end=\"889\">ALLGEMEINE STORNIERUNGSRICHTLINIEN<\/strong><\/h3>\n<ol data-start=\"893\" data-end=\"2307\">\n\t<li data-start=\"893\" data-end=\"1352\">\n<p data-start=\"896\" data-end=\"1069\"><strong data-start=\"896\" data-end=\"962\">Buchungen, die weniger als 48 Stunden im Voraus storniert werden,<\/strong> unterliegen einer Stornogeb\u00fchr in H\u00f6he von <strong data-start=\"1014\" data-end=\"1066\">100 % des Gesamtbetrags einer \u00dcbernachtung<\/strong>.<\/p>\n\n<ul data-start=\"1073\" data-end=\"1352\">\n\t<li data-start=\"1073\" data-end=\"1320\">Der Kunde hat jedoch die M\u00f6glichkeit, <strong data-start=\"1118\" data-end=\"1140\">das Buchungsdatum zu \u00e4ndern<\/strong>, ohne dass eine Geb\u00fchr anf\u00e4llt, sofern er sich <strong data-start=\"1251\" data-end=\"1278\">mindestens 24 Stunden vor<\/strong> dem urspr\u00fcnglichen Buchungsdatum mit der Reservierungsabteilung in Verbindung setzt.<\/li>\n\t<li data-start=\"1324\" data-end=\"1352\"><em data-start=\"1326\" data-end=\"1350\">Einschr\u00e4nkungen gelten.<\/em><\/li>\n<\/ul>\n<\/li>\n\t<li data-start=\"1354\" data-end=\"1517\">\n<p data-start=\"1357\" data-end=\"1517\"><strong data-start=\"1357\" data-end=\"1420\">Buchungen, die nicht im Voraus storniert wurden,<\/strong> gelten als <strong data-start=\"1437\" data-end=\"1449\">NO SHOWS<\/strong> und <strong data-start=\"1452\" data-end=\"1474\">haben keinen Anspruch<\/strong> auf R\u00fcckerstattung oder Umbuchung.<\/p>\n<\/li>\n\t<li data-start=\"1519\" data-end=\"1806\">\n<p data-start=\"1522\" data-end=\"1718\"><strong data-start=\"1522\" data-end=\"1559\">Buchungen von mehr als einer \u00dcbernachtung,<\/strong> die im Voraus bezahlt und anschlie\u00dfend storniert wurden, unterliegen der entsprechenden Stornogeb\u00fchr, jedoch <strong data-start=\"1682\" data-end=\"1715\">nur f\u00fcr die erste Nacht<\/strong>.<\/p>\n\n<ul data-start=\"1722\" data-end=\"1806\">\n\t<li data-start=\"1722\" data-end=\"1806\">Ab der zweiten Nacht erfolgt eine R\u00fcckerstattung von <strong data-start=\"1776\" data-end=\"1803\">100 % des gezahlten Betrags<\/strong>.<\/li>\n<\/ul>\n<\/li>\n\t<li data-start=\"1808\" data-end=\"2307\">\n<p data-start=\"1811\" data-end=\"2307\"><strong data-start=\"1811\" data-end=\"1872\">Otmann Hotel Boutique ist verpflichtet, R\u00fcckerstattungen<\/strong> nur in den folgenden, dem Hotel zurechenbaren F\u00e4llen vorzunehmen:<br data-start=\"1929\" data-end=\"1932\" \/>a. Wenn irrt\u00fcmlich ein <strong data-start=\"1976\" data-end=\"1994\">h\u00f6herer Betrag<\/strong> als der laut gebuchtem Zimmertyp entsprechende Preis berechnet wurde.<br data-start=\"2060\" data-end=\"2063\" \/>b. Wenn die berechnete Gesamtanzahl an \u00dcbernachtungen <strong data-start=\"2104\" data-end=\"2114\">die urspr\u00fcnglich gebuchte Anzahl<\/strong> \u00fcbersteigt.<br data-start=\"2174\" data-end=\"2177\" \/>c. Wenn gem\u00e4\u00df den geltenden Stornierungs- und R\u00fcckerstattungsrichtlinien der Gast <strong data-start=\"2264\" data-end=\"2304\">anspruchsberechtigt auf eine R\u00fcckerstattung<\/strong> ist.<\/p>\n<\/li>\n<\/ol>\n\n<hr data-start=\"2309\" data-end=\"2312\" \/>\n\n<h3 data-start=\"2314\" data-end=\"2342\"><strong data-start=\"2318\" data-end=\"2340\">Wichtige Hinweise:<\/strong><\/h3>\n<p data-start=\"2344\" data-end=\"3685\">\u2022 Alle \u00c4nderungen in Bezug auf <strong data-start=\"2388\" data-end=\"2453\">Datum, Zimmertyp oder Anzahl der Zimmer<\/strong> m\u00fcssen im Voraus beantragt werden.<br data-start=\"2491\" data-end=\"2494\" \/>\u2022 Das neue Buchungsdatum <strong data-start=\"2526\" data-end=\"2559\">darf nicht mehr als 6 Monate<\/strong> nach dem urspr\u00fcnglich gebuchten Datum liegen und <strong data-start=\"2609\" data-end=\"2651\">darf h\u00f6chstens 2-mal ge\u00e4ndert<\/strong> werden.<br data-start=\"2652\" data-end=\"2655\" \/>\u2022 Stornierungen von Buchungen, die <strong data-start=\"2696\" data-end=\"2723\">bereits mindestens einmal ge\u00e4ndert<\/strong> wurden, haben <strong data-start=\"2752\" data-end=\"2758\">KEINEN<\/strong> Anspruch auf R\u00fcckerstattung.<br data-start=\"2787\" data-end=\"2790\" \/>\u2022 Alle <strong data-start=\"2802\" data-end=\"2883\">R\u00fcckerstattungen erfolgen ausschlie\u00dflich per Bank\u00fcberweisung<\/strong> auf das Konto des Gastes, <strong data-start=\"2909\" data-end=\"2951\">unabh\u00e4ngig von der urspr\u00fcnglichen Zahlungsart<\/strong>.<br data-start=\"2961\" data-end=\"2964\" \/>\u2022 R\u00fcckerstattungen k\u00f6nnen zwischen <strong data-start=\"3001\" data-end=\"3016\">5 und 15 Tagen<\/strong> dauern, bis sie auf dem Kontoauszug des Kunden erscheinen. Falls nicht, setzen Sie sich bitte mit unserer Buchhaltungsabteilung in Verbindung.<br data-start=\"3160\" data-end=\"3163\" \/>\u2022 <strong data-start=\"3165\" data-end=\"3186\">Alle \u00c4nderungen<\/strong> an Buchungen unterliegen der <strong data-start=\"3221\" data-end=\"3239\">Verf\u00fcgbarkeit<\/strong> und gelten nicht in <strong data-start=\"3255\" data-end=\"3287\">Hochsaison oder an Feiertagswochenenden<\/strong>, nach Ermessen des Hotels.<br data-start=\"3321\" data-end=\"3324\" \/>\u2022 Der Gast muss <strong data-start=\"3344\" data-end=\"3393\">unsere Reservierungsabteilung<\/strong> telefonisch oder per E-Mail kontaktieren, um die Verf\u00fcgbarkeit zu pr\u00fcfen.<br data-start=\"3464\" data-end=\"3467\" \/>\u2022 Alle Buchungen k\u00f6nnen <strong data-start=\"3504\" data-end=\"3535\">kostenlos ge\u00e4ndert<\/strong> werden, was Datum, Zimmertyp usw. betrifft, sofern der Gast <strong data-start=\"3609\" data-end=\"3649\">mit ausreichender Vorlaufzeit<\/strong> die Reservierungsabteilung kontaktiert.<\/p>[\/et_pb_text][\/et_pb_column][\/et_pb_row][\/et_pb_section]\n","protected":false},"excerpt":{"rendered":"<p>StornierungsrichtlinienSie haben \u00fcber ein Reiseb\u00fcro oder im Internet gebucht: \u2022 Wenn Sie eine \u00fcber ein Reiseb\u00fcro wie Best Day, Booking.com, Despegar.com, Expedia, Hotels.com usw. vorgenommene Buchung \u00e4ndern oder stornieren m\u00f6chten, wenden Sie sich bitte direkt an diese \u00fcber die Kundendienstnummer, die Ihnen bei Ihrer Buchung mitgeteilt wurde. Sie haben direkt im Otmann Hotel Boutique gebucht: [&hellip;]<\/p>\n","protected":false},"author":1,"featured_media":419,"parent":0,"menu_order":0,"comment_status":"closed","ping_status":"closed","template":"","meta":{"_et_pb_use_builder":"on","_et_pb_old_content":"","_et_gb_content_width":"","footnotes":""},"class_list":["post-295","page","type-page","status-publish","has-post-thumbnail","hentry"],"yoast_head":"<!-- This site is optimized with the Yoast SEO plugin v25.6 - https:\/\/yoast.com\/wordpress\/plugins\/seo\/ -->\n<title>Stornierungsrichtlinie | Otm\u00e1nn Deutsches Boutique-Hotel<\/title>\n<meta name=\"description\" content=\"Konsultieren Sie unsere flexible und transparente Stornierungsrichtlinie.Erfahren Sie die Fristen und Bedingungen f\u00fcr \u00c4nderungen...\" \/>\n<meta name=\"robots\" content=\"index, follow, max-snippet:-1, max-image-preview:large, max-video-preview:-1\" \/>\n<link rel=\"canonical\" href=\"https:\/\/otmannhotel.com\/de\/stornierungsrichtlinie\/\" \/>\n<meta property=\"og:locale\" content=\"de_DE\" \/>\n<meta property=\"og:type\" content=\"article\" \/>\n<meta property=\"og:title\" content=\"Stornierungsrichtlinie | Otm\u00e1nn Deutsches Boutique-Hotel\" \/>\n<meta property=\"og:description\" content=\"Konsultieren Sie unsere flexible und transparente Stornierungsrichtlinie.Erfahren Sie die Fristen und Bedingungen f\u00fcr \u00c4nderungen...\" \/>\n<meta property=\"og:url\" content=\"https:\/\/otmannhotel.com\/de\/stornierungsrichtlinie\/\" \/>\n<meta property=\"og:site_name\" content=\"Otm\u00e1nn Deutsches Boutique-Hotel\" \/>\n<meta property=\"article:publisher\" content=\"https:\/\/www.facebook.com\/profile.php?id=61573803779115\" \/>\n<meta property=\"article:modified_time\" content=\"2025-08-18T17:27:20+00:00\" \/>\n<meta property=\"og:image\" content=\"https:\/\/otmannhotel.com\/de\/wp-content\/uploads\/sites\/3\/2025\/06\/header-3.webp\" \/>\n\t<meta property=\"og:image:width\" content=\"1920\" \/>\n\t<meta property=\"og:image:height\" content=\"1080\" \/>\n\t<meta property=\"og:image:type\" content=\"image\/webp\" \/>\n<meta name=\"twitter:card\" content=\"summary_large_image\" \/>\n<meta name=\"twitter:label1\" content=\"Est. reading time\" \/>\n\t<meta name=\"twitter:data1\" content=\"3\u00a0Minuten\" \/>\n<script type=\"application\/ld+json\" class=\"yoast-schema-graph\">{\"@context\":\"https:\/\/schema.org\",\"@graph\":[{\"@type\":\"WebPage\",\"@id\":\"https:\/\/otmannhotel.com\/de\/stornierungsrichtlinie\/\",\"url\":\"https:\/\/otmannhotel.com\/de\/stornierungsrichtlinie\/\",\"name\":\"Stornierungsrichtlinie | Otm\u00e1nn Deutsches Boutique-Hotel\",\"isPartOf\":{\"@id\":\"https:\/\/otmannhotel.com\/de\/#website\"},\"primaryImageOfPage\":{\"@id\":\"https:\/\/otmannhotel.com\/de\/stornierungsrichtlinie\/#primaryimage\"},\"image\":{\"@id\":\"https:\/\/otmannhotel.com\/de\/stornierungsrichtlinie\/#primaryimage\"},\"thumbnailUrl\":\"https:\/\/otmannhotel.com\/de\/wp-content\/uploads\/sites\/3\/2025\/06\/header-3.webp\",\"datePublished\":\"2025-03-21T18:40:06+00:00\",\"dateModified\":\"2025-08-18T17:27:20+00:00\",\"description\":\"Konsultieren Sie unsere flexible und transparente Stornierungsrichtlinie.Erfahren Sie die Fristen und Bedingungen f\u00fcr \u00c4nderungen...\",\"breadcrumb\":{\"@id\":\"https:\/\/otmannhotel.com\/de\/stornierungsrichtlinie\/#breadcrumb\"},\"inLanguage\":\"de\",\"potentialAction\":[{\"@type\":\"ReadAction\",\"target\":[\"https:\/\/otmannhotel.com\/de\/stornierungsrichtlinie\/\"]}]},{\"@type\":\"ImageObject\",\"inLanguage\":\"de\",\"@id\":\"https:\/\/otmannhotel.com\/de\/stornierungsrichtlinie\/#primaryimage\",\"url\":\"https:\/\/otmannhotel.com\/de\/wp-content\/uploads\/sites\/3\/2025\/06\/header-3.webp\",\"contentUrl\":\"https:\/\/otmannhotel.com\/de\/wp-content\/uploads\/sites\/3\/2025\/06\/header-3.webp\",\"width\":1920,\"height\":1080},{\"@type\":\"BreadcrumbList\",\"@id\":\"https:\/\/otmannhotel.com\/de\/stornierungsrichtlinie\/#breadcrumb\",\"itemListElement\":[{\"@type\":\"ListItem\",\"position\":1,\"name\":\"Home\",\"item\":\"https:\/\/otmannhotel.com\/de\/\"},{\"@type\":\"ListItem\",\"position\":2,\"name\":\"Stornierungsrichtlinie\"}]},{\"@type\":\"WebSite\",\"@id\":\"https:\/\/otmannhotel.com\/de\/#website\",\"url\":\"https:\/\/otmannhotel.com\/de\/\",\"name\":\"Otm\u00e1nn Deutsches Boutique-Hotel\",\"description\":\"OTM\u00c1NN Hotel Boutique mit 34 Zimmern befindet sich in einem Geb\u00e4ude im franz\u00f6sischen Stil aus der Porfiriato-Zeit (1876\u20131911) im charmanten Viertel Colonia Americana.\",\"publisher\":{\"@id\":\"https:\/\/otmannhotel.com\/de\/#organization\"},\"potentialAction\":[{\"@type\":\"SearchAction\",\"target\":{\"@type\":\"EntryPoint\",\"urlTemplate\":\"https:\/\/otmannhotel.com\/de\/?s={search_term_string}\"},\"query-input\":{\"@type\":\"PropertyValueSpecification\",\"valueRequired\":true,\"valueName\":\"search_term_string\"}}],\"inLanguage\":\"de\"},{\"@type\":\"Organization\",\"@id\":\"https:\/\/otmannhotel.com\/de\/#organization\",\"name\":\"Otm\u00e1nn Hotel\",\"url\":\"https:\/\/otmannhotel.com\/de\/\",\"logo\":{\"@type\":\"ImageObject\",\"inLanguage\":\"de\",\"@id\":\"https:\/\/otmannhotel.com\/de\/#\/schema\/logo\/image\/\",\"url\":\"https:\/\/otmannhotel.com\/de\/wp-content\/uploads\/sites\/3\/2025\/03\/logo-otmann-blanco.png\",\"contentUrl\":\"https:\/\/otmannhotel.com\/de\/wp-content\/uploads\/sites\/3\/2025\/03\/logo-otmann-blanco.png\",\"width\":121,\"height\":106,\"caption\":\"Otm\u00e1nn Hotel\"},\"image\":{\"@id\":\"https:\/\/otmannhotel.com\/de\/#\/schema\/logo\/image\/\"},\"sameAs\":[\"https:\/\/www.facebook.com\/profile.php?id=61573803779115\"]}]}<\/script>\n<!-- \/ Yoast SEO plugin. -->","yoast_head_json":{"title":"Stornierungsrichtlinie | Otm\u00e1nn Deutsches Boutique-Hotel","description":"Konsultieren Sie unsere flexible und transparente Stornierungsrichtlinie.Erfahren Sie die Fristen und Bedingungen f\u00fcr \u00c4nderungen...","robots":{"index":"index","follow":"follow","max-snippet":"max-snippet:-1","max-image-preview":"max-image-preview:large","max-video-preview":"max-video-preview:-1"},"canonical":"https:\/\/otmannhotel.com\/de\/stornierungsrichtlinie\/","og_locale":"de_DE","og_type":"article","og_title":"Stornierungsrichtlinie | Otm\u00e1nn Deutsches Boutique-Hotel","og_description":"Konsultieren Sie unsere flexible und transparente Stornierungsrichtlinie.Erfahren Sie die Fristen und Bedingungen f\u00fcr \u00c4nderungen...","og_url":"https:\/\/otmannhotel.com\/de\/stornierungsrichtlinie\/","og_site_name":"Otm\u00e1nn Deutsches Boutique-Hotel","article_publisher":"https:\/\/www.facebook.com\/profile.php?id=61573803779115","article_modified_time":"2025-08-18T17:27:20+00:00","og_image":[{"width":1920,"height":1080,"url":"https:\/\/otmannhotel.com\/de\/wp-content\/uploads\/sites\/3\/2025\/06\/header-3.webp","type":"image\/webp"}],"twitter_card":"summary_large_image","twitter_misc":{"Est. reading time":"3\u00a0Minuten"},"schema":{"@context":"https:\/\/schema.org","@graph":[{"@type":"WebPage","@id":"https:\/\/otmannhotel.com\/de\/stornierungsrichtlinie\/","url":"https:\/\/otmannhotel.com\/de\/stornierungsrichtlinie\/","name":"Stornierungsrichtlinie | Otm\u00e1nn Deutsches Boutique-Hotel","isPartOf":{"@id":"https:\/\/otmannhotel.com\/de\/#website"},"primaryImageOfPage":{"@id":"https:\/\/otmannhotel.com\/de\/stornierungsrichtlinie\/#primaryimage"},"image":{"@id":"https:\/\/otmannhotel.com\/de\/stornierungsrichtlinie\/#primaryimage"},"thumbnailUrl":"https:\/\/otmannhotel.com\/de\/wp-content\/uploads\/sites\/3\/2025\/06\/header-3.webp","datePublished":"2025-03-21T18:40:06+00:00","dateModified":"2025-08-18T17:27:20+00:00","description":"Konsultieren Sie unsere flexible und transparente Stornierungsrichtlinie.Erfahren Sie die Fristen und Bedingungen f\u00fcr \u00c4nderungen...","breadcrumb":{"@id":"https:\/\/otmannhotel.com\/de\/stornierungsrichtlinie\/#breadcrumb"},"inLanguage":"de","potentialAction":[{"@type":"ReadAction","target":["https:\/\/otmannhotel.com\/de\/stornierungsrichtlinie\/"]}]},{"@type":"ImageObject","inLanguage":"de","@id":"https:\/\/otmannhotel.com\/de\/stornierungsrichtlinie\/#primaryimage","url":"https:\/\/otmannhotel.com\/de\/wp-content\/uploads\/sites\/3\/2025\/06\/header-3.webp","contentUrl":"https:\/\/otmannhotel.com\/de\/wp-content\/uploads\/sites\/3\/2025\/06\/header-3.webp","width":1920,"height":1080},{"@type":"BreadcrumbList","@id":"https:\/\/otmannhotel.com\/de\/stornierungsrichtlinie\/#breadcrumb","itemListElement":[{"@type":"ListItem","position":1,"name":"Home","item":"https:\/\/otmannhotel.com\/de\/"},{"@type":"ListItem","position":2,"name":"Stornierungsrichtlinie"}]},{"@type":"WebSite","@id":"https:\/\/otmannhotel.com\/de\/#website","url":"https:\/\/otmannhotel.com\/de\/","name":"Otm\u00e1nn Deutsches Boutique-Hotel","description":"OTM\u00c1NN Hotel Boutique mit 34 Zimmern befindet sich in einem Geb\u00e4ude im franz\u00f6sischen Stil aus der Porfiriato-Zeit (1876\u20131911) im charmanten Viertel Colonia Americana.","publisher":{"@id":"https:\/\/otmannhotel.com\/de\/#organization"},"potentialAction":[{"@type":"SearchAction","target":{"@type":"EntryPoint","urlTemplate":"https:\/\/otmannhotel.com\/de\/?s={search_term_string}"},"query-input":{"@type":"PropertyValueSpecification","valueRequired":true,"valueName":"search_term_string"}}],"inLanguage":"de"},{"@type":"Organization","@id":"https:\/\/otmannhotel.com\/de\/#organization","name":"Otm\u00e1nn Hotel","url":"https:\/\/otmannhotel.com\/de\/","logo":{"@type":"ImageObject","inLanguage":"de","@id":"https:\/\/otmannhotel.com\/de\/#\/schema\/logo\/image\/","url":"https:\/\/otmannhotel.com\/de\/wp-content\/uploads\/sites\/3\/2025\/03\/logo-otmann-blanco.png","contentUrl":"https:\/\/otmannhotel.com\/de\/wp-content\/uploads\/sites\/3\/2025\/03\/logo-otmann-blanco.png","width":121,"height":106,"caption":"Otm\u00e1nn Hotel"},"image":{"@id":"https:\/\/otmannhotel.com\/de\/#\/schema\/logo\/image\/"},"sameAs":["https:\/\/www.facebook.com\/profile.php?id=61573803779115"]}]}},"_links":{"self":[{"href":"https:\/\/otmannhotel.com\/de\/wp-json\/wp\/v2\/pages\/295","targetHints":{"allow":["GET"]}}],"collection":[{"href":"https:\/\/otmannhotel.com\/de\/wp-json\/wp\/v2\/pages"}],"about":[{"href":"https:\/\/otmannhotel.com\/de\/wp-json\/wp\/v2\/types\/page"}],"author":[{"embeddable":true,"href":"https:\/\/otmannhotel.com\/de\/wp-json\/wp\/v2\/users\/1"}],"replies":[{"embeddable":true,"href":"https:\/\/otmannhotel.com\/de\/wp-json\/wp\/v2\/comments?post=295"}],"version-history":[{"count":9,"href":"https:\/\/otmannhotel.com\/de\/wp-json\/wp\/v2\/pages\/295\/revisions"}],"predecessor-version":[{"id":683,"href":"https:\/\/otmannhotel.com\/de\/wp-json\/wp\/v2\/pages\/295\/revisions\/683"}],"wp:featuredmedia":[{"embeddable":true,"href":"https:\/\/otmannhotel.com\/de\/wp-json\/wp\/v2\/media\/419"}],"wp:attachment":[{"href":"https:\/\/otmannhotel.com\/de\/wp-json\/wp\/v2\/media?parent=295"}],"curies":[{"name":"wp","href":"https:\/\/api.w.org\/{rel}","templated":true}]}}