{"id":340,"date":"2025-03-21T21:16:16","date_gmt":"2025-03-21T21:16:16","guid":{"rendered":"https:\/\/otmannhotel.red2000.mx\/?page_id=340"},"modified":"2025-08-18T17:11:46","modified_gmt":"2025-08-18T17:11:46","slug":"galerie","status":"publish","type":"page","link":"https:\/\/otmannhotel.com\/de\/galerie\/","title":{"rendered":"Galerie"},"content":{"rendered":"\n[et_pb_section fb_built=&#8220;1&#8243; custom_padding_last_edited=&#8220;on|tablet&#8220; _builder_version=&#8220;4.27.4&#8243; _module_preset=&#8220;default&#8220; background_enable_color=&#8220;off&#8220; use_background_color_gradient=&#8220;on&#8220; background_color_gradient_stops=&#8220;rgba(0,0,0,0.1) 0%|rgba(0,0,0,0.1) 98%&#8220; background_color_gradient_overlays_image=&#8220;on&#8220; background_image=&#8220;https:\/\/otmannhotel.com\/de\/wp-content\/uploads\/sites\/3\/2025\/06\/header-3-1.webp&#8220; background_enable_video_mp4=&#8220;off&#8220; height_tablet=&#8220;180px&#8220; height_phone=&#8220;180px&#8220; height_last_edited=&#8220;on|phone&#8220; max_height=&#8220;270px&#8220; max_height_tablet=&#8220;180px&#8220; max_height_phone=&#8220;180px&#8220; max_height_last_edited=&#8220;on|tablet&#8220; custom_padding=&#8220;100px||100px||true|false&#8220; custom_padding_tablet=&#8220;0px||0px||true|false&#8220; custom_padding_phone=&#8220;0px||0px||true|false&#8220; hover_enabled=&#8220;0&#8243; global_colors_info=&#8220;{}&#8220; title_text=&#8220;header-3&#8243; sticky_enabled=&#8220;0&#8243;][et_pb_row _builder_version=&#8220;4.27.4&#8243; _module_preset=&#8220;default&#8220; module_alignment=&#8220;center&#8220; custom_margin=&#8220;auto||auto||false|false&#8220; custom_padding=&#8220;||||false|false&#8220; custom_css_main_element=&#8220;    display: flex;||    align-items: center;||    justify-content: center;||    height: 100%;&#8220; global_colors_info=&#8220;{}&#8220;][et_pb_column type=&#8220;4_4&#8243; _builder_version=&#8220;4.27.4&#8243; _module_preset=&#8220;default&#8220; global_colors_info=&#8220;{}&#8220;][et_pb_text _builder_version=&#8220;4.27.4&#8243; _module_preset=&#8220;default&#8220; header_font=&#8220;&#8211;et_global_heading_font||||||||&#8220; header_text_align=&#8220;center&#8220; header_text_color=&#8220;#FFFFFF&#8220; header_font_size=&#8220;60px&#8220; header_font_size_tablet=&#8220;50px&#8220; header_font_size_phone=&#8220;34px&#8220; header_font_size_last_edited=&#8220;on|phone&#8220; global_colors_info=&#8220;{}&#8220;]<h1>Galerie<\/h1>[\/et_pb_text][\/et_pb_column][\/et_pb_row][\/et_pb_section][et_pb_section fb_built=&#8220;1&#8243; _builder_version=&#8220;4.27.4&#8243; _module_preset=&#8220;default&#8220; global_colors_info=&#8220;{}&#8220;][et_pb_row _builder_version=&#8220;4.27.4&#8243; _module_preset=&#8220;default&#8220; global_colors_info=&#8220;{}&#8220;][et_pb_column type=&#8220;4_4&#8243; _builder_version=&#8220;4.27.4&#8243; _module_preset=&#8220;default&#8220; global_colors_info=&#8220;{}&#8220;][dsm_masonry_gallery gallery_ids=&#8220;392,396,393,397,394,398,605,395,399&#8243; use_lightbox=&#8220;on&#8220; use_zoom_on_hover=&#8220;on&#8220; columns_tablet=&#8220;&#8220; columns_phone=&#8220;2&#8243; columns_last_edited=&#8220;on|desktop&#8220; _builder_version=&#8220;4.27.4&#8243; _module_preset=&#8220;default&#8220; hover_enabled=&#8220;0&#8243; global_colors_info=&#8220;{}&#8220; sticky_enabled=&#8220;0&#8243;][\/dsm_masonry_gallery][\/et_pb_column][\/et_pb_row][\/et_pb_section]\n","protected":false},"excerpt":{"rendered":"<p>Galerie<div class=\"et_pb_module dsm_masonry_gallery dsm_masonry_gallery_0\">\n\t\t\t\t\n\t\t\t\t\n\t\t\t\t\n\t\t\t\t\n\t\t\t\t\n\t\t\t\t\n\t\t\t\t<div class=\"et_pb_module_inner\">\n\t\t\t\t\t<div class=\"dsm-gallery grid dsm_masonry_zoom_hover\" data-lightbox=\"true\" data-horizontalorder=\"true\">\n                <div class=\"grid-sizer\"><\/div><div class=\"gutter-sizer\"><\/div><div class=\"grid-item\">\n                    <a href=\"https:\/\/otmannhotel.com\/de\/wp-content\/uploads\/sites\/3\/2025\/06\/galeria-1.webp\"  data-title='galeria-1'  data-caption='' data-mfp-src=\"https:\/\/otmannhotel.com\/de\/wp-content\/uploads\/sites\/3\/2025\/06\/galeria-1.webp\">\n                        <div class=\"et_pb_image_wrap\">\n                            <img loading=\"lazy\" decoding=\"async\" src=\"https:\/\/otmannhotel.com\/de\/wp-content\/uploads\/sites\/3\/2025\/06\/galeria-1.webp\" title=\"galeria-1\" alt=\"\" class=\"dsm-skip-lazyload\" srcset=\"https:\/\/otmannhotel.com\/de\/wp-content\/uploads\/sites\/3\/2025\/06\/galeria-1.webp 1200w, https:\/\/otmannhotel.com\/de\/wp-content\/uploads\/sites\/3\/2025\/06\/galeria-1-980x980.webp 980w, https:\/\/otmannhotel.com\/de\/wp-content\/uploads\/sites\/3\/2025\/06\/galeria-1-480x480.webp 480w\" sizes=\"(min-width: 0px) and (max-width: 480px) 480px, (min-width: 481px) and (max-width: 980px) 980px, (min-width: 981px) 1200px, 100vw\" width=\"1200\" height=\"1200\" \/>\n                            \n                        <\/div>\n                    <\/a>\n                <\/div><div class=\"grid-item\">\n                    <a href=\"https:\/\/otmannhotel.com\/de\/wp-content\/uploads\/sites\/3\/2025\/06\/galeria-5.webp\"  data-title='galeria-5'  data-caption='' data-mfp-src=\"https:\/\/otmannhotel.com\/de\/wp-content\/uploads\/sites\/3\/2025\/06\/galeria-5.webp\">\n                        <div class=\"et_pb_image_wrap\">\n                            <img loading=\"lazy\" decoding=\"async\" src=\"https:\/\/otmannhotel.com\/de\/wp-content\/uploads\/sites\/3\/2025\/06\/galeria-5.webp\" title=\"galeria-5\" alt=\"\" class=\"dsm-skip-lazyload\" srcset=\"https:\/\/otmannhotel.com\/de\/wp-content\/uploads\/sites\/3\/2025\/06\/galeria-5.webp 1200w, https:\/\/otmannhotel.com\/de\/wp-content\/uploads\/sites\/3\/2025\/06\/galeria-5-980x980.webp 980w, https:\/\/otmannhotel.com\/de\/wp-content\/uploads\/sites\/3\/2025\/06\/galeria-5-480x480.webp 480w\" sizes=\"(min-width: 0px) and (max-width: 480px) 480px, (min-width: 481px) and (max-width: 980px) 980px, (min-width: 981px) 1200px, 100vw\" width=\"1200\" height=\"1200\" \/>\n                            \n                        <\/div>\n                    <\/a>\n                <\/div><div class=\"grid-item\">\n                    <a href=\"https:\/\/otmannhotel.com\/de\/wp-content\/uploads\/sites\/3\/2025\/06\/galeria-2.webp\"  data-title='galeria-2'  data-caption='' data-mfp-src=\"https:\/\/otmannhotel.com\/de\/wp-content\/uploads\/sites\/3\/2025\/06\/galeria-2.webp\">\n                        <div class=\"et_pb_image_wrap\">\n                            <img loading=\"lazy\" decoding=\"async\" src=\"https:\/\/otmannhotel.com\/de\/wp-content\/uploads\/sites\/3\/2025\/06\/galeria-2.webp\" title=\"galeria-2\" alt=\"\" class=\"dsm-skip-lazyload\" srcset=\"https:\/\/otmannhotel.com\/de\/wp-content\/uploads\/sites\/3\/2025\/06\/galeria-2.webp 1200w, https:\/\/otmannhotel.com\/de\/wp-content\/uploads\/sites\/3\/2025\/06\/galeria-2-980x980.webp 980w, https:\/\/otmannhotel.com\/de\/wp-content\/uploads\/sites\/3\/2025\/06\/galeria-2-480x480.webp 480w\" sizes=\"(min-width: 0px) and (max-width: 480px) 480px, (min-width: 481px) and (max-width: 980px) 980px, (min-width: 981px) 1200px, 100vw\" width=\"1200\" height=\"1200\" \/>\n                            \n                        <\/div>\n                    <\/a>\n                <\/div><div class=\"grid-item\">\n                    <a href=\"https:\/\/otmannhotel.com\/de\/wp-content\/uploads\/sites\/3\/2025\/06\/galeria-6.webp\"  data-title='galeria-6'  data-caption='' data-mfp-src=\"https:\/\/otmannhotel.com\/de\/wp-content\/uploads\/sites\/3\/2025\/06\/galeria-6.webp\">\n                        <div class=\"et_pb_image_wrap\">\n                            <img loading=\"lazy\" decoding=\"async\" src=\"https:\/\/otmannhotel.com\/de\/wp-content\/uploads\/sites\/3\/2025\/06\/galeria-6.webp\" title=\"galeria-6\" alt=\"\" class=\"dsm-skip-lazyload\" srcset=\"https:\/\/otmannhotel.com\/de\/wp-content\/uploads\/sites\/3\/2025\/06\/galeria-6.webp 1200w, https:\/\/otmannhotel.com\/de\/wp-content\/uploads\/sites\/3\/2025\/06\/galeria-6-980x980.webp 980w, https:\/\/otmannhotel.com\/de\/wp-content\/uploads\/sites\/3\/2025\/06\/galeria-6-480x480.webp 480w\" sizes=\"(min-width: 0px) and (max-width: 480px) 480px, (min-width: 481px) and (max-width: 980px) 980px, (min-width: 981px) 1200px, 100vw\" width=\"1200\" height=\"1200\" \/>\n                            \n                        <\/div>\n                    <\/a>\n                <\/div><div class=\"grid-item\">\n                    <a href=\"https:\/\/otmannhotel.com\/de\/wp-content\/uploads\/sites\/3\/2025\/06\/galeria-3.webp\"  data-title='galeria-3'  data-caption='' data-mfp-src=\"https:\/\/otmannhotel.com\/de\/wp-content\/uploads\/sites\/3\/2025\/06\/galeria-3.webp\">\n                        <div class=\"et_pb_image_wrap\">\n                            <img loading=\"lazy\" decoding=\"async\" src=\"https:\/\/otmannhotel.com\/de\/wp-content\/uploads\/sites\/3\/2025\/06\/galeria-3.webp\" title=\"galeria-3\" alt=\"\" class=\"dsm-skip-lazyload\" srcset=\"https:\/\/otmannhotel.com\/de\/wp-content\/uploads\/sites\/3\/2025\/06\/galeria-3.webp 1200w, https:\/\/otmannhotel.com\/de\/wp-content\/uploads\/sites\/3\/2025\/06\/galeria-3-980x980.webp 980w, https:\/\/otmannhotel.com\/de\/wp-content\/uploads\/sites\/3\/2025\/06\/galeria-3-480x480.webp 480w\" sizes=\"(min-width: 0px) and (max-width: 480px) 480px, (min-width: 481px) and (max-width: 980px) 980px, (min-width: 981px) 1200px, 100vw\" width=\"1200\" height=\"1200\" \/>\n                            \n                        <\/div>\n                    <\/a>\n                <\/div><div class=\"grid-item\">\n                    <a href=\"https:\/\/otmannhotel.com\/de\/wp-content\/uploads\/sites\/3\/2025\/06\/galeria-7.webp\"  data-title='galeria-7'  data-caption='' data-mfp-src=\"https:\/\/otmannhotel.com\/de\/wp-content\/uploads\/sites\/3\/2025\/06\/galeria-7.webp\">\n                        <div class=\"et_pb_image_wrap\">\n                            <img loading=\"lazy\" decoding=\"async\" src=\"https:\/\/otmannhotel.com\/de\/wp-content\/uploads\/sites\/3\/2025\/06\/galeria-7.webp\" title=\"galeria-7\" alt=\"\" class=\"dsm-skip-lazyload\" srcset=\"https:\/\/otmannhotel.com\/de\/wp-content\/uploads\/sites\/3\/2025\/06\/galeria-7.webp 1200w, https:\/\/otmannhotel.com\/de\/wp-content\/uploads\/sites\/3\/2025\/06\/galeria-7-980x980.webp 980w, https:\/\/otmannhotel.com\/de\/wp-content\/uploads\/sites\/3\/2025\/06\/galeria-7-480x480.webp 480w\" sizes=\"(min-width: 0px) and (max-width: 480px) 480px, (min-width: 481px) and (max-width: 980px) 980px, (min-width: 981px) 1200px, 100vw\" width=\"1200\" height=\"1200\" \/>\n                            \n                        <\/div>\n                    <\/a>\n                <\/div><div class=\"grid-item\">\n                    <a href=\"https:\/\/otmannhotel.com\/de\/wp-content\/uploads\/sites\/3\/2025\/08\/galeria-13.jpg\"  data-title='galeria-13'  data-caption='' data-mfp-src=\"https:\/\/otmannhotel.com\/de\/wp-content\/uploads\/sites\/3\/2025\/08\/galeria-13.jpg\">\n                        <div class=\"et_pb_image_wrap\">\n                            <img loading=\"lazy\" decoding=\"async\" src=\"https:\/\/otmannhotel.com\/de\/wp-content\/uploads\/sites\/3\/2025\/08\/galeria-13.jpg\" title=\"galeria-13\" alt=\"\" class=\"dsm-skip-lazyload\" srcset=\"https:\/\/otmannhotel.com\/de\/wp-content\/uploads\/sites\/3\/2025\/08\/galeria-13.jpg 1200w, https:\/\/otmannhotel.com\/de\/wp-content\/uploads\/sites\/3\/2025\/08\/galeria-13-980x980.jpg 980w, https:\/\/otmannhotel.com\/de\/wp-content\/uploads\/sites\/3\/2025\/08\/galeria-13-480x480.jpg 480w\" sizes=\"(min-width: 0px) and (max-width: 480px) 480px, (min-width: 481px) and (max-width: 980px) 980px, (min-width: 981px) 1200px, 100vw\" width=\"1200\" height=\"1200\" \/>\n                            \n                        <\/div>\n                    <\/a>\n                <\/div><div class=\"grid-item\">\n                    <a href=\"https:\/\/otmannhotel.com\/de\/wp-content\/uploads\/sites\/3\/2025\/06\/galeria-4.webp\"  data-title='galeria-4'  data-caption='' data-mfp-src=\"https:\/\/otmannhotel.com\/de\/wp-content\/uploads\/sites\/3\/2025\/06\/galeria-4.webp\">\n                        <div class=\"et_pb_image_wrap\">\n                            <img loading=\"lazy\" decoding=\"async\" src=\"https:\/\/otmannhotel.com\/de\/wp-content\/uploads\/sites\/3\/2025\/06\/galeria-4.webp\" title=\"galeria-4\" alt=\"\" class=\"dsm-skip-lazyload\" srcset=\"https:\/\/otmannhotel.com\/de\/wp-content\/uploads\/sites\/3\/2025\/06\/galeria-4.webp 1200w, https:\/\/otmannhotel.com\/de\/wp-content\/uploads\/sites\/3\/2025\/06\/galeria-4-980x980.webp 980w, https:\/\/otmannhotel.com\/de\/wp-content\/uploads\/sites\/3\/2025\/06\/galeria-4-480x480.webp 480w\" sizes=\"(min-width: 0px) and (max-width: 480px) 480px, (min-width: 481px) and (max-width: 980px) 980px, (min-width: 981px) 1200px, 100vw\" width=\"1200\" height=\"1200\" \/>\n                            \n                        <\/div>\n                    <\/a>\n                <\/div><div class=\"grid-item\">\n                    <a href=\"https:\/\/otmannhotel.com\/de\/wp-content\/uploads\/sites\/3\/2025\/06\/galeria-8.webp\"  data-title='galeria-8'  data-caption='' data-mfp-src=\"https:\/\/otmannhotel.com\/de\/wp-content\/uploads\/sites\/3\/2025\/06\/galeria-8.webp\">\n                        <div class=\"et_pb_image_wrap\">\n                            <img loading=\"lazy\" decoding=\"async\" src=\"https:\/\/otmannhotel.com\/de\/wp-content\/uploads\/sites\/3\/2025\/06\/galeria-8.webp\" title=\"galeria-8\" alt=\"\" class=\"dsm-skip-lazyload\" srcset=\"https:\/\/otmannhotel.com\/de\/wp-content\/uploads\/sites\/3\/2025\/06\/galeria-8.webp 1200w, https:\/\/otmannhotel.com\/de\/wp-content\/uploads\/sites\/3\/2025\/06\/galeria-8-980x980.webp 980w, https:\/\/otmannhotel.com\/de\/wp-content\/uploads\/sites\/3\/2025\/06\/galeria-8-480x480.webp 480w\" sizes=\"(min-width: 0px) and (max-width: 480px) 480px, (min-width: 481px) and (max-width: 980px) 980px, (min-width: 981px) 1200px, 100vw\" width=\"1200\" height=\"1200\" \/>\n                            \n                        <\/div>\n                    <\/a>\n                <\/div>\n             <\/div>\n\t\t\t\t<\/div>\n\t\t\t<\/div><\/p>\n","protected":false},"author":1,"featured_media":396,"parent":0,"menu_order":0,"comment_status":"closed","ping_status":"closed","template":"","meta":{"_et_pb_use_builder":"on","_et_pb_old_content":"","_et_gb_content_width":"","footnotes":""},"class_list":["post-340","page","type-page","status-publish","has-post-thumbnail","hentry"],"yoast_head":"<!-- This site is optimized with the Yoast SEO plugin v25.6 - https:\/\/yoast.com\/wordpress\/plugins\/seo\/ -->\n<title>Galerie | Otm\u00e1nn Deutsches Boutique-Hotel<\/title>\n<meta name=\"description\" content=\"Entdecken Sie unsere Galerie und erkunden Sie jeden Winkel unseres Hotels \u2013 Annehmlichkeiten und Bereiche, die f\u00fcr Ihren Komfort.\" \/>\n<meta name=\"robots\" content=\"index, follow, max-snippet:-1, max-image-preview:large, max-video-preview:-1\" \/>\n<link rel=\"canonical\" href=\"https:\/\/otmannhotel.com\/de\/galerie\/\" \/>\n<meta property=\"og:locale\" content=\"de_DE\" \/>\n<meta property=\"og:type\" content=\"article\" \/>\n<meta property=\"og:title\" content=\"Galerie | Otm\u00e1nn Deutsches Boutique-Hotel\" \/>\n<meta property=\"og:description\" content=\"Entdecken Sie unsere Galerie und erkunden Sie jeden Winkel unseres Hotels \u2013 Annehmlichkeiten und Bereiche, die f\u00fcr Ihren Komfort.\" \/>\n<meta property=\"og:url\" content=\"https:\/\/otmannhotel.com\/de\/galerie\/\" \/>\n<meta property=\"og:site_name\" content=\"Otm\u00e1nn Deutsches Boutique-Hotel\" \/>\n<meta property=\"article:publisher\" content=\"https:\/\/www.facebook.com\/profile.php?id=61573803779115\" \/>\n<meta property=\"article:modified_time\" content=\"2025-08-18T17:11:46+00:00\" \/>\n<meta property=\"og:image\" content=\"https:\/\/otmannhotel.com\/de\/wp-content\/uploads\/sites\/3\/2025\/06\/galeria-5.webp\" \/>\n\t<meta property=\"og:image:width\" content=\"1200\" \/>\n\t<meta property=\"og:image:height\" content=\"1200\" \/>\n\t<meta property=\"og:image:type\" content=\"image\/webp\" \/>\n<meta name=\"twitter:card\" content=\"summary_large_image\" \/>\n<meta name=\"twitter:label1\" content=\"Est. reading time\" \/>\n\t<meta name=\"twitter:data1\" content=\"3\u00a0Minuten\" \/>\n<script type=\"application\/ld+json\" class=\"yoast-schema-graph\">{\"@context\":\"https:\/\/schema.org\",\"@graph\":[{\"@type\":\"WebPage\",\"@id\":\"https:\/\/otmannhotel.com\/de\/galerie\/\",\"url\":\"https:\/\/otmannhotel.com\/de\/galerie\/\",\"name\":\"Galerie | Otm\u00e1nn Deutsches Boutique-Hotel\",\"isPartOf\":{\"@id\":\"https:\/\/otmannhotel.com\/de\/#website\"},\"primaryImageOfPage\":{\"@id\":\"https:\/\/otmannhotel.com\/de\/galerie\/#primaryimage\"},\"image\":{\"@id\":\"https:\/\/otmannhotel.com\/de\/galerie\/#primaryimage\"},\"thumbnailUrl\":\"https:\/\/otmannhotel.com\/de\/wp-content\/uploads\/sites\/3\/2025\/06\/galeria-5.webp\",\"datePublished\":\"2025-03-21T21:16:16+00:00\",\"dateModified\":\"2025-08-18T17:11:46+00:00\",\"description\":\"Entdecken Sie unsere Galerie und erkunden Sie jeden Winkel unseres Hotels \u2013 Annehmlichkeiten und Bereiche, die f\u00fcr Ihren Komfort.\",\"breadcrumb\":{\"@id\":\"https:\/\/otmannhotel.com\/de\/galerie\/#breadcrumb\"},\"inLanguage\":\"de\",\"potentialAction\":[{\"@type\":\"ReadAction\",\"target\":[\"https:\/\/otmannhotel.com\/de\/galerie\/\"]}]},{\"@type\":\"ImageObject\",\"inLanguage\":\"de\",\"@id\":\"https:\/\/otmannhotel.com\/de\/galerie\/#primaryimage\",\"url\":\"https:\/\/otmannhotel.com\/de\/wp-content\/uploads\/sites\/3\/2025\/06\/galeria-5.webp\",\"contentUrl\":\"https:\/\/otmannhotel.com\/de\/wp-content\/uploads\/sites\/3\/2025\/06\/galeria-5.webp\",\"width\":1200,\"height\":1200},{\"@type\":\"BreadcrumbList\",\"@id\":\"https:\/\/otmannhotel.com\/de\/galerie\/#breadcrumb\",\"itemListElement\":[{\"@type\":\"ListItem\",\"position\":1,\"name\":\"Home\",\"item\":\"https:\/\/otmannhotel.com\/de\/\"},{\"@type\":\"ListItem\",\"position\":2,\"name\":\"Galerie\"}]},{\"@type\":\"WebSite\",\"@id\":\"https:\/\/otmannhotel.com\/de\/#website\",\"url\":\"https:\/\/otmannhotel.com\/de\/\",\"name\":\"Otm\u00e1nn Deutsches Boutique-Hotel\",\"description\":\"OTM\u00c1NN Hotel Boutique mit 34 Zimmern befindet sich in einem Geb\u00e4ude im franz\u00f6sischen Stil aus der Porfiriato-Zeit (1876\u20131911) im charmanten Viertel Colonia Americana.\",\"publisher\":{\"@id\":\"https:\/\/otmannhotel.com\/de\/#organization\"},\"potentialAction\":[{\"@type\":\"SearchAction\",\"target\":{\"@type\":\"EntryPoint\",\"urlTemplate\":\"https:\/\/otmannhotel.com\/de\/?s={search_term_string}\"},\"query-input\":{\"@type\":\"PropertyValueSpecification\",\"valueRequired\":true,\"valueName\":\"search_term_string\"}}],\"inLanguage\":\"de\"},{\"@type\":\"Organization\",\"@id\":\"https:\/\/otmannhotel.com\/de\/#organization\",\"name\":\"Otm\u00e1nn Hotel\",\"url\":\"https:\/\/otmannhotel.com\/de\/\",\"logo\":{\"@type\":\"ImageObject\",\"inLanguage\":\"de\",\"@id\":\"https:\/\/otmannhotel.com\/de\/#\/schema\/logo\/image\/\",\"url\":\"https:\/\/otmannhotel.com\/de\/wp-content\/uploads\/sites\/3\/2025\/03\/logo-otmann-blanco.png\",\"contentUrl\":\"https:\/\/otmannhotel.com\/de\/wp-content\/uploads\/sites\/3\/2025\/03\/logo-otmann-blanco.png\",\"width\":121,\"height\":106,\"caption\":\"Otm\u00e1nn Hotel\"},\"image\":{\"@id\":\"https:\/\/otmannhotel.com\/de\/#\/schema\/logo\/image\/\"},\"sameAs\":[\"https:\/\/www.facebook.com\/profile.php?id=61573803779115\"]}]}<\/script>\n<!-- \/ Yoast SEO plugin. -->","yoast_head_json":{"title":"Galerie | Otm\u00e1nn Deutsches Boutique-Hotel","description":"Entdecken Sie unsere Galerie und erkunden Sie jeden Winkel unseres Hotels \u2013 Annehmlichkeiten und Bereiche, die f\u00fcr Ihren Komfort.","robots":{"index":"index","follow":"follow","max-snippet":"max-snippet:-1","max-image-preview":"max-image-preview:large","max-video-preview":"max-video-preview:-1"},"canonical":"https:\/\/otmannhotel.com\/de\/galerie\/","og_locale":"de_DE","og_type":"article","og_title":"Galerie | Otm\u00e1nn Deutsches Boutique-Hotel","og_description":"Entdecken Sie unsere Galerie und erkunden Sie jeden Winkel unseres Hotels \u2013 Annehmlichkeiten und Bereiche, die f\u00fcr Ihren Komfort.","og_url":"https:\/\/otmannhotel.com\/de\/galerie\/","og_site_name":"Otm\u00e1nn Deutsches Boutique-Hotel","article_publisher":"https:\/\/www.facebook.com\/profile.php?id=61573803779115","article_modified_time":"2025-08-18T17:11:46+00:00","og_image":[{"width":1200,"height":1200,"url":"https:\/\/otmannhotel.com\/de\/wp-content\/uploads\/sites\/3\/2025\/06\/galeria-5.webp","type":"image\/webp"}],"twitter_card":"summary_large_image","twitter_misc":{"Est. reading time":"3\u00a0Minuten"},"schema":{"@context":"https:\/\/schema.org","@graph":[{"@type":"WebPage","@id":"https:\/\/otmannhotel.com\/de\/galerie\/","url":"https:\/\/otmannhotel.com\/de\/galerie\/","name":"Galerie | Otm\u00e1nn Deutsches Boutique-Hotel","isPartOf":{"@id":"https:\/\/otmannhotel.com\/de\/#website"},"primaryImageOfPage":{"@id":"https:\/\/otmannhotel.com\/de\/galerie\/#primaryimage"},"image":{"@id":"https:\/\/otmannhotel.com\/de\/galerie\/#primaryimage"},"thumbnailUrl":"https:\/\/otmannhotel.com\/de\/wp-content\/uploads\/sites\/3\/2025\/06\/galeria-5.webp","datePublished":"2025-03-21T21:16:16+00:00","dateModified":"2025-08-18T17:11:46+00:00","description":"Entdecken Sie unsere Galerie und erkunden Sie jeden Winkel unseres Hotels \u2013 Annehmlichkeiten und Bereiche, die f\u00fcr Ihren Komfort.","breadcrumb":{"@id":"https:\/\/otmannhotel.com\/de\/galerie\/#breadcrumb"},"inLanguage":"de","potentialAction":[{"@type":"ReadAction","target":["https:\/\/otmannhotel.com\/de\/galerie\/"]}]},{"@type":"ImageObject","inLanguage":"de","@id":"https:\/\/otmannhotel.com\/de\/galerie\/#primaryimage","url":"https:\/\/otmannhotel.com\/de\/wp-content\/uploads\/sites\/3\/2025\/06\/galeria-5.webp","contentUrl":"https:\/\/otmannhotel.com\/de\/wp-content\/uploads\/sites\/3\/2025\/06\/galeria-5.webp","width":1200,"height":1200},{"@type":"BreadcrumbList","@id":"https:\/\/otmannhotel.com\/de\/galerie\/#breadcrumb","itemListElement":[{"@type":"ListItem","position":1,"name":"Home","item":"https:\/\/otmannhotel.com\/de\/"},{"@type":"ListItem","position":2,"name":"Galerie"}]},{"@type":"WebSite","@id":"https:\/\/otmannhotel.com\/de\/#website","url":"https:\/\/otmannhotel.com\/de\/","name":"Otm\u00e1nn Deutsches Boutique-Hotel","description":"OTM\u00c1NN Hotel Boutique mit 34 Zimmern befindet sich in einem Geb\u00e4ude im franz\u00f6sischen Stil aus der Porfiriato-Zeit (1876\u20131911) im charmanten Viertel Colonia Americana.","publisher":{"@id":"https:\/\/otmannhotel.com\/de\/#organization"},"potentialAction":[{"@type":"SearchAction","target":{"@type":"EntryPoint","urlTemplate":"https:\/\/otmannhotel.com\/de\/?s={search_term_string}"},"query-input":{"@type":"PropertyValueSpecification","valueRequired":true,"valueName":"search_term_string"}}],"inLanguage":"de"},{"@type":"Organization","@id":"https:\/\/otmannhotel.com\/de\/#organization","name":"Otm\u00e1nn Hotel","url":"https:\/\/otmannhotel.com\/de\/","logo":{"@type":"ImageObject","inLanguage":"de","@id":"https:\/\/otmannhotel.com\/de\/#\/schema\/logo\/image\/","url":"https:\/\/otmannhotel.com\/de\/wp-content\/uploads\/sites\/3\/2025\/03\/logo-otmann-blanco.png","contentUrl":"https:\/\/otmannhotel.com\/de\/wp-content\/uploads\/sites\/3\/2025\/03\/logo-otmann-blanco.png","width":121,"height":106,"caption":"Otm\u00e1nn Hotel"},"image":{"@id":"https:\/\/otmannhotel.com\/de\/#\/schema\/logo\/image\/"},"sameAs":["https:\/\/www.facebook.com\/profile.php?id=61573803779115"]}]}},"_links":{"self":[{"href":"https:\/\/otmannhotel.com\/de\/wp-json\/wp\/v2\/pages\/340","targetHints":{"allow":["GET"]}}],"collection":[{"href":"https:\/\/otmannhotel.com\/de\/wp-json\/wp\/v2\/pages"}],"about":[{"href":"https:\/\/otmannhotel.com\/de\/wp-json\/wp\/v2\/types\/page"}],"author":[{"embeddable":true,"href":"https:\/\/otmannhotel.com\/de\/wp-json\/wp\/v2\/users\/1"}],"replies":[{"embeddable":true,"href":"https:\/\/otmannhotel.com\/de\/wp-json\/wp\/v2\/comments?post=340"}],"version-history":[{"count":12,"href":"https:\/\/otmannhotel.com\/de\/wp-json\/wp\/v2\/pages\/340\/revisions"}],"predecessor-version":[{"id":662,"href":"https:\/\/otmannhotel.com\/de\/wp-json\/wp\/v2\/pages\/340\/revisions\/662"}],"wp:featuredmedia":[{"embeddable":true,"href":"https:\/\/otmannhotel.com\/de\/wp-json\/wp\/v2\/media\/396"}],"wp:attachment":[{"href":"https:\/\/otmannhotel.com\/de\/wp-json\/wp\/v2\/media?parent=340"}],"curies":[{"name":"wp","href":"https:\/\/api.w.org\/{rel}","templated":true}]}}